{"id":20,"date":"2025-12-11T14:07:00","date_gmt":"2025-12-11T14:07:00","guid":{"rendered":"https:\/\/vanroadtrips.com\/ueber\/"},"modified":"2026-01-13T18:21:25","modified_gmt":"2026-01-13T18:21:25","slug":"ueber","status":"publish","type":"page","link":"https:\/\/vanroadtrips.com\/en\/ueber\/","title":{"rendered":"Diagnose: Brustkrebs. Antwort: Das Leben!"},"content":{"rendered":"<div class=\"wp-block-buttons alignwide is-layout-flex wp-block-buttons-is-layout-flex\">\n<div class=\"wp-block-button\"><a class=\"wp-block-button__link wp-element-button\" href=\"https:\/\/www.krebshilfe.de\/\">Deutsche Krebshilfe<\/a><\/div>\n\n\n\n<div class=\"wp-block-button\"><a class=\"wp-block-button__link has-text-align-left wp-element-button\" href=\"https:\/\/www.mammo-programm.de\/de\/termin\">Termin Mammographie<\/a><\/div>\n<\/div>\n\n\n\n<blockquote class=\"wp-block-quote is-layout-flow wp-block-quote-is-layout-flow\">\n<p><strong>&#8222;Jede siebte Frau<\/strong> ist betroffen: Brustkrebs ist n\u00e4her, als wir denken. <strong>Bitte, z\u00f6gere nicht! Deine Vorsorge rettet Leben&#8220;.<\/strong><\/p>\n<\/blockquote>\n\n\n\n<hr class=\"wp-block-separator has-alpha-channel-opacity\"\/>\n\n\n\n<p>Dies ist mein (Karin) ganz pers\u00f6nlicher <strong>Brustkrebs Erfahrungsbericht<\/strong>, der am Ende doch von einem <strong>Neuanfang<\/strong> handelt. Als ich die Diagnose erhielt, f\u00fchlte sich alles nach einem Ende an \u2013 doch heute wei\u00df ich, dass es der steinige Weg zur\u00fcck zu mir selbst und zu unserer neuen Freiheit im Kastenwagen war.<\/p>\n\n\n\n<hr class=\"wp-block-separator has-alpha-channel-opacity\"\/>\n\n\n\n<div class=\"wp-block-group alignfull is-style-ext-preset--group--natural-1--section has-background-background-color has-background has-global-padding is-layout-constrained wp-block-group-is-layout-constrained\" id=\"ueber-uns\" style=\"margin-top:0;margin-bottom:0;padding-top:var(--wp--preset--spacing--70);padding-bottom:var(--wp--preset--spacing--70)\">\n<div class=\"wp-block-group alignwide has-global-padding is-layout-constrained wp-block-group-is-layout-constrained\">\n<div class=\"wp-block-group alignwide has-global-padding is-layout-constrained wp-block-group-is-layout-constrained\">\n<div class=\"wp-block-columns alignwide are-vertically-aligned-top is-layout-flex wp-container-core-columns-is-layout-174606dc wp-block-columns-is-layout-flex\">\n<div class=\"wp-block-column is-vertically-aligned-top is-layout-flow wp-block-column-is-layout-flow\">\n<figure class=\"wp-block-image\"><img loading=\"lazy\" decoding=\"async\" width=\"703\" height=\"533\" src=\"https:\/\/vanroadtrips.com\/wp-content\/uploads\/2025\/12\/Collage.jpg\" alt=\"Durch den Brustkrebs hindurch von 2020 bis 2025.\" class=\"wp-image-583\" srcset=\"https:\/\/vanroadtrips.com\/wp-content\/uploads\/2025\/12\/Collage.jpg 703w, https:\/\/vanroadtrips.com\/wp-content\/uploads\/2025\/12\/Collage-300x227.jpg 300w\" sizes=\"auto, (max-width: 703px) 100vw, 703px\" \/><\/figure>\n<\/div>\n\n\n\n<div class=\"wp-block-column is-vertically-aligned-top is-layout-flow wp-block-column-is-layout-flow\">\n<div class=\"wp-block-group alignwide is-vertical is-layout-flex wp-container-core-group-is-layout-c35747d5 wp-block-group-is-layout-flex\">\n<div class=\"wp-block-group has-global-padding is-layout-constrained wp-container-core-group-is-layout-dd32767c wp-block-group-is-layout-constrained\">\n<h3 class=\"wp-block-heading\">Vernarbt und Stark: Die neue Freiheit nach der KrebsDiagnose<\/h3>\n\n\n\n<p>Da war sie, an diesem sengend hei\u00dfen Sommertag Ende August 2022. Die Diagnose: Brustkrebs.<\/p>\n\n\n\n<p>Man steht bei seiner Gyn\u00e4kologin. Sie erkl\u00e4rt mit ruhiger Stimme das Ergebnis aus der Radiologie, aber die Worte verwandeln sich zu dumpfem Rauschen: \u201eTriple Negativ. Invasiv.&#8220; Ein b\u00f6sartiger <strong>Drecksack<\/strong>, denkst du und diesen Namen wird der Tumor behalten. Du stehst neben dir selbst, betrachtest die Szene von au\u00dfen. <em>Bin ich im falschen Film?<\/em><\/p>\n\n\n\n<p class=\"has-text-align-left\">Der Schock macht Platz f\u00fcr das kalte, mechanische Funktionieren, irgendwo abseits vom Ich. Ein Termin wird gemacht, um den Port zu legen \u2013 jener unscheinbare Venenzugang an der Schulter, der Teil deines K\u00f6rpers f\u00fcr die bevorstehende Chemotherapie sein wird. Widerstandslos, fast roboterhaft, begibst du dich in die H\u00e4nde der Mediziner. Die eigene Kontrolle ist f\u00fcr diesen Moment abgegeben.<\/p>\n<\/div>\n<\/div>\n<\/div>\n<\/div>\n\n\n\n<p>Die <strong>Chemotherapie <\/strong>war eine Zerrei\u00dfprobe. Nicht nur f\u00fcr mich, sondern f\u00fcr alle. Die Familie, allen voran <strong>Ingo<\/strong>, litt mit und versuchte, mir St\u00fctze und Lichtblick zugleich zu sein. Belastende Nebenwirkungen und die l\u00e4hmende Ungewissheit \u00fcber den Ausgang der Krankheit wurden zur t\u00e4glichen emotionalen Herausforderung. <\/p>\n\n\n\n<p>Im M\u00e4rz 2023 dann der Abbruch. Das Immunsystem war zu schwach. Doch inmitten der Schw\u00e4che ein Triumph: Der <strong>Tumor hatte sich quasi aufgel\u00f6st!<\/strong> Die Operation konnte erfolgen.<\/p>\n\n\n\n<p>Die befallene rechte Brust wurde entfernt und durch einen Expander, ein vorl\u00e4ufiges Implantat, ersetzt. Was dann folgte, war ein sechsw\u00f6chiges Martyrium: Mein K\u00f6rper stie\u00df den Expander ab. Wundwasser, schmerzhafte Punktierungen und die st\u00e4ndige Plage machten eine drastische Entscheidung notwendig: Aufgrund des hohen Risikos entschloss ich mich zur doppelten Mastektomie \u2013 der Entfernung beider Br\u00fcste.<\/p>\n\n\n\n<p>Es folgten die Reha und die Antik\u00f6rpertherapie mit Pembrolizumab, die zwar fulminant gegen den Krebs anschlug, aber mit neuen krassen Nebenwirkungen forderte. Die Leber rebellierte im Februar 2024 in Form einer Gelbsucht, die Kortison-Therapie hinterlie\u00df Spuren auf der Waage. Und als w\u00e4re das nicht genug, manifestierte sich vermutlich als Folge der Behandlungen im Fr\u00fchling 2025 die rheumatische Psoriasis-Arthritis.<\/p>\n\n\n\n<h2 class=\"wp-block-heading\"><strong>STOPP!<\/strong><\/h2>\n\n\n\n<p><strong>&#8222;Hallo! Ich habe keine Lust mehr auf Krankheiten, sondern will endlich leben!&#8220;<\/strong><\/p>\n\n\n\n<p>Laut den \u00c4rzten ist der <strong>Krebs unter Kontrolle<\/strong>. All die anderen Baustellen \u2013 wie Teilprothesen f\u00fcr die Knie \u2013 sind im Vergleich dazu nur noch kleine <strong>Wehwehchen<\/strong>.<\/p>\n\n\n\n<p><strong>Verdammt!<\/strong> Es wird h\u00f6chste Zeit, unseren gro\u00dfen Traum vom Reisen endlich in die Tat umzusetzen. Ein Kastenwagen, Wohnmobil, Van oder Camper \u2013 sie symbolisieren die Freiheit, die wir uns erk\u00e4mpft haben.<\/p>\n\n\n\n<hr class=\"wp-block-separator has-alpha-channel-opacity\"\/>\n\n\n\n<div class=\"wp-block-media-text alignfull is-stacked-on-mobile is-vertically-aligned-bottom is-image-fill-element\"><figure class=\"wp-block-media-text__media\"><img loading=\"lazy\" decoding=\"async\" width=\"1024\" height=\"768\" src=\"https:\/\/vanroadtrips.com\/wp-content\/uploads\/2025\/12\/IMG_E9298-1024x768.jpg\" alt=\"\" class=\"wp-image-148 size-full\" style=\"object-position:50% 50%\" srcset=\"https:\/\/vanroadtrips.com\/wp-content\/uploads\/2025\/12\/IMG_E9298-1024x768.jpg 1024w, https:\/\/vanroadtrips.com\/wp-content\/uploads\/2025\/12\/IMG_E9298-300x225.jpg 300w, https:\/\/vanroadtrips.com\/wp-content\/uploads\/2025\/12\/IMG_E9298-768x576.jpg 768w, https:\/\/vanroadtrips.com\/wp-content\/uploads\/2025\/12\/IMG_E9298-1536x1152.jpg 1536w, https:\/\/vanroadtrips.com\/wp-content\/uploads\/2025\/12\/IMG_E9298-2048x1536.jpg 2048w\" sizes=\"auto, (max-width: 1024px) 100vw, 1024px\" \/><\/figure><div class=\"wp-block-media-text__content\">\n<p>Kurzes Gesundheits-Update: Der Krebs hat verloren, die \u00c4rztin gibt gr\u00fcnes Licht! Passend dazu starten wir Ende Mai 2025 unsere ganz pers\u00f6nliche &#8218;Flucht&#8216; ins Leben \u2013 und zwar mit unserem neuen Kastenwagen &#8222;K\u00e4tter&#8220;. <\/p>\n\n\n\n<p>Wir tauschen Schreibtisch gegen Steuerrad, zumindest nach Feierabend. Warum unsere Reisen grunds\u00e4tzlich immer etwas verr\u00fcckt verlaufen und das Chaos uns meistens schon am ersten Rastplatz auflauert, wissen wir selbst nicht \u2013 aber genau diese ungeplanten und in der Regel sehr lustigen Highlights findet ihr jetzt auf <strong>Vanroadtrips<\/strong>. <\/p>\n\n\n\n<p>Die Zukunft beginnt jetzt, und sie hat verdammt gute Reifen!<\/p>\n<\/div><\/div>\n\n\n\n<blockquote class=\"wp-block-quote has-text-align-center is-layout-flow wp-block-quote-is-layout-flow\">\n<p>&#8222;Wenn dir das Leben eine zweite Chance schenkt? Nutze sie, um die Welt zu entdecken, die du noch nicht gesehen hast.&#8220;     &#8211; Karin<\/p>\n<\/blockquote>\n\n\n\n<div class=\"wp-block-group has-global-padding is-layout-constrained wp-block-group-is-layout-constrained\">\n<div class=\"wp-block-columns is-layout-flex wp-container-core-columns-is-layout-28f84493 wp-block-columns-is-layout-flex\">\n<div class=\"wp-block-column is-layout-flow wp-block-column-is-layout-flow\" style=\"flex-basis:100%\">\n<div class=\"wp-block-buttons is-content-justification-center is-layout-flex wp-container-core-buttons-is-layout-a89b3969 wp-block-buttons-is-layout-flex\">\n<div class=\"wp-block-button\"><a class=\"wp-block-button__link wp-element-button\">Deutsche Krebshilfe<\/a><\/div>\n\n\n\n<div class=\"wp-block-button\"><a class=\"wp-block-button__link wp-element-button\" href=\"https:\/\/www.mammo-programm.de\/de\/termin\">Termin Mammographie<\/a><\/div>\n<\/div>\n<\/div>\n<\/div>\n\n\n\n<figure class=\"wp-block-image size-large\"><img loading=\"lazy\" decoding=\"async\" width=\"1024\" height=\"466\" src=\"https:\/\/vanroadtrips.com\/wp-content\/uploads\/2025\/12\/IMG_E9444-1024x466.jpg\" alt=\"\" class=\"wp-image-154\" srcset=\"https:\/\/vanroadtrips.com\/wp-content\/uploads\/2025\/12\/IMG_E9444-1024x466.jpg 1024w, https:\/\/vanroadtrips.com\/wp-content\/uploads\/2025\/12\/IMG_E9444-300x136.jpg 300w, https:\/\/vanroadtrips.com\/wp-content\/uploads\/2025\/12\/IMG_E9444-768x349.jpg 768w, https:\/\/vanroadtrips.com\/wp-content\/uploads\/2025\/12\/IMG_E9444-1536x699.jpg 1536w, https:\/\/vanroadtrips.com\/wp-content\/uploads\/2025\/12\/IMG_E9444-2048x931.jpg 2048w\" sizes=\"auto, (max-width: 1024px) 100vw, 1024px\" \/><\/figure>\n<\/div>\n<\/div>\n<\/div>\n<\/div>\n\n\n\n<div class=\"wp-block-group alignfull is-style-ext-preset--group--natural-1--section has-background-background-color has-background has-global-padding is-layout-constrained wp-container-core-group-is-layout-f72f1611 wp-block-group-is-layout-constrained\" id=\"galerie\" style=\"margin-top:0;margin-bottom:0;padding-top:var(--wp--preset--spacing--70);padding-bottom:var(--wp--preset--spacing--70)\">\n<figure class=\"wp-block-image size-large\"><img loading=\"lazy\" decoding=\"async\" width=\"1024\" height=\"768\" src=\"https:\/\/vanroadtrips.com\/wp-content\/uploads\/2025\/12\/IMG_E6942-1024x768.jpg\" alt=\"\" class=\"wp-image-137\" srcset=\"https:\/\/vanroadtrips.com\/wp-content\/uploads\/2025\/12\/IMG_E6942-1024x768.jpg 1024w, https:\/\/vanroadtrips.com\/wp-content\/uploads\/2025\/12\/IMG_E6942-300x225.jpg 300w, https:\/\/vanroadtrips.com\/wp-content\/uploads\/2025\/12\/IMG_E6942-768x576.jpg 768w, https:\/\/vanroadtrips.com\/wp-content\/uploads\/2025\/12\/IMG_E6942-1536x1152.jpg 1536w, https:\/\/vanroadtrips.com\/wp-content\/uploads\/2025\/12\/IMG_E6942-2048x1536.jpg 2048w\" sizes=\"auto, (max-width: 1024px) 100vw, 1024px\" \/><\/figure>\n<\/div>","protected":false},"excerpt":{"rendered":"<p><strong>Kurzes Gesundheits-Update: <\/strong>Der Krebs hat verloren, die \u00c4rztin gibt gr\u00fcnes Licht! Passend dazu starten wir Ende Mai unsere ganz pers\u00f6nliche &#8218;Flucht&#8216; ins Leben \u2013 und zwar mit unserem neuen Kastenwagen. Wir tauschen Schreibtisch gegen Steuerrad, zumindest nach Feierabend. Warum unsere Reisen grunds\u00e4tzlich immer etwas verr\u00fcckt verlaufen und das Chaos uns meistens schon am ersten Rastplatz auflauert, wissen wir selbst nicht \u2013 aber genau diese ungeplanten Highlights findet ihr jetzt auf <strong>Vanroadtrips<\/strong>. Die Zukunft beginnt jetzt, und sie hat verdammt gute Reifen!<\/p>","protected":false},"author":1,"featured_media":140,"parent":0,"menu_order":0,"comment_status":"closed","ping_status":"closed","template":"page-with-title","meta":{"footnotes":""},"class_list":["post-20","page","type-page","status-publish","has-post-thumbnail","hentry"],"_links":{"self":[{"href":"https:\/\/vanroadtrips.com\/en\/wp-json\/wp\/v2\/pages\/20","targetHints":{"allow":["GET"]}}],"collection":[{"href":"https:\/\/vanroadtrips.com\/en\/wp-json\/wp\/v2\/pages"}],"about":[{"href":"https:\/\/vanroadtrips.com\/en\/wp-json\/wp\/v2\/types\/page"}],"author":[{"embeddable":true,"href":"https:\/\/vanroadtrips.com\/en\/wp-json\/wp\/v2\/users\/1"}],"replies":[{"embeddable":true,"href":"https:\/\/vanroadtrips.com\/en\/wp-json\/wp\/v2\/comments?post=20"}],"version-history":[{"count":308,"href":"https:\/\/vanroadtrips.com\/en\/wp-json\/wp\/v2\/pages\/20\/revisions"}],"predecessor-version":[{"id":6658,"href":"https:\/\/vanroadtrips.com\/en\/wp-json\/wp\/v2\/pages\/20\/revisions\/6658"}],"wp:featuredmedia":[{"embeddable":true,"href":"https:\/\/vanroadtrips.com\/en\/wp-json\/wp\/v2\/media\/140"}],"wp:attachment":[{"href":"https:\/\/vanroadtrips.com\/en\/wp-json\/wp\/v2\/media?parent=20"}],"curies":[{"name":"wp","href":"https:\/\/api.w.org\/{rel}","templated":true}]}}