{"id":22,"date":"2025-12-11T14:06:00","date_gmt":"2025-12-11T14:06:00","guid":{"rendered":"https:\/\/vanroadtrips.com\/faq\/"},"modified":"2026-01-10T14:27:44","modified_gmt":"2026-01-10T14:27:44","slug":"faq","status":"publish","type":"page","link":"https:\/\/vanroadtrips.com\/en\/faq\/","title":{"rendered":"Impressum &#038; FAQ"},"content":{"rendered":"<h3 class=\"wp-block-heading\">Impressum<\/h3>\n\n\n\n<p>Angaben gem\u00e4\u00df \u00a7 5 TMG:<\/p>\n\n\n\n<p>Karin Schmidtke<br>Langenbachweg 3<br>77773 Schenkenzell<br>Deutschland<\/p>\n\n\n\n<p>Kontakt<br>E-Mail: info@vanroadtrips.com<\/p>\n\n\n\n<p>Verantwortlich f\u00fcr den Inhalt nach \u00a7 55 Abs. 2 RStV:<br>Karin Schmidtke<br>Langenbachweg 3<br>D-77773 Schenkenzell<\/p>\n\n\n\n<p>Haftungsausschluss:<br>Trotz sorgf\u00e4ltiger inhaltlicher Kontrolle \u00fcbernehmen wir keine Haftung f\u00fcr die Inhalte externer Links. F\u00fcr den Inhalt der verlinkten Seiten sind ausschlie\u00dflich deren Betreiber verantwortlich.<\/p>\n\n\n\n<p>Urheberrecht:<br>Die durch die Seitenbetreiber erstellten Inhalte und Werke auf diesen Seiten unterliegen dem deutschen Urheberrecht. Beitr\u00e4ge Dritter sind als solche gekennzeichnet. Die Vervielf\u00e4ltigung, Bearbeitung, Verbreitung und jede Art der Verwertung au\u00dferhalb der Grenzen des Urheberrechtes bed\u00fcrfen der schriftlichen Zustimmung des jeweiligen Autors bzw. Erstellers.<\/p>\n\n\n<div class=\"is-default-size aligncenter wp-block-site-logo\"><a href=\"https:\/\/vanroadtrips.com\/en\/\" class=\"custom-logo-link\" rel=\"home\"><img loading=\"lazy\" decoding=\"async\" width=\"826\" height=\"805\" src=\"https:\/\/vanroadtrips.com\/wp-content\/uploads\/2025\/12\/Logo_VT-_jpg.jpg\" class=\"custom-logo\" alt=\"vanroadtrips\" srcset=\"https:\/\/vanroadtrips.com\/wp-content\/uploads\/2025\/12\/Logo_VT-_jpg.jpg 826w, https:\/\/vanroadtrips.com\/wp-content\/uploads\/2025\/12\/Logo_VT-_jpg-300x292.jpg 300w, https:\/\/vanroadtrips.com\/wp-content\/uploads\/2025\/12\/Logo_VT-_jpg-768x748.jpg 768w\" sizes=\"auto, (max-width: 826px) 100vw, 826px\" \/><\/a><\/div>\n\n\n<h3 class=\"wp-block-heading\">FAQ<\/h3>\n\n\n\n<ul class=\"wp-block-list\">\n<li><strong>Willkommen in unserem FAQ-Bereich!<\/strong> <br>Hier beantworten wir die h\u00e4ufigsten Fragen rund um unseren Kastenwagen (Van, Wohnmobil, Camper). Wir teilen f\u00fcr euch unsere Blogbeitr\u00e4ge und unsere Erfahrungen, die wir auf Reisen sammeln.<\/li>\n\n\n\n<li><strong>Wer ist K\u00e4tter? <\/strong><br>Die K\u00e4tter ist unser treuer <strong>Kastenwagen<\/strong>, ein <strong>Fiat Ducato<\/strong>, mit dem wir auf Reisen gehen. Unser Van K\u00e4tter ist unser mobiles Zuhause und unser Begleiter auf vielen Abenteuern.<\/li>\n\n\n\n<li><strong>Was findet man in Blog?<br><\/strong>In unserem Blog teilen wir Geschichten, Tipps und Inspirationen rund ums Reisen mit dem Kastenwagen. Wir berichten \u00fcber unsere Touren, geben Praxistipps zur Ausstattung, zur Planung und zum Leben unterwegs. Wir lieben es, die Natur zu beobachten, erkunden Land und Leute, fotografieren und dokumentieren unsere Erlebnisse. <br>Wir fotografieren meist Landschaften, die Natur, besondere Orte und Momente unterwegs. Unsere Bilder sollen die Atmosph\u00e4re unserer Reisen einfangen, die Sch\u00f6nheit der Welt zeigen und Lust auf eigene Abenteuer machen.<\/li>\n\n\n\n<li><strong>Wie kannst du unsere Erfahrungen nutzen?<\/strong><br>Unsere Beitr\u00e4ge sind praxisnah und ehrlich. Du kannst von unseren Erlebnissen lernen, Ideen f\u00fcr deine eigene Reise mit dem Van, Kastenwagen, Wohnmobil oder Camper mitnehmen und dich von unseren Tipps inspirieren lassen.<\/li>\n\n\n\n<li><strong>Sind unsere Informationen f\u00fcr jeden Kastenwagen-Reisenden geeignet?<\/strong><br>Jeder Van (Kastenwagen, Wohnmobil oder Camper) ist anders, genauso wie es die Bed\u00fcrfnisse der Reisenden sind. Wir stellen vor, wie wir mit der K\u00e4tter unterwegs sind und was f\u00fcr uns funktioniert \u2013 vielleicht ist das auch eine Inspiration f\u00fcr euch.<\/li>\n\n\n\n<li><strong>Wie findet ihr eure Stellpl\u00e4tze f\u00fcr die Nacht?<\/strong> <br>Wir nutzen eine Mischung aus Apps wie Park4Night und StellplatzRadar, achten aber immer darauf, die Natur und unsere Mitmenschen zu respektieren und keine Spuren zu hinterlassen.<\/li>\n\n\n\n<li><strong>Was ist eure wichtigste Ausstattung im Kastenwagen?<\/strong> <br>Neben einer guten Kamera f\u00fcr unsere Reisefotos sind es die kleinen Dinge: Ein vern\u00fcnftiger Wasserkessel f\u00fcr ausreichend Kaffee, die gem\u00fctliche Sitzecke, die auch als Schreibtisch f\u00fcr die Arbeit am Blog dient. Wetterfeste Klamotten, Gummistiefel und eine funktionierende Heizung, um auch Regentage entspannt zu genie\u00dfen.<\/li>\n\n\n\n<li><strong>Reist ihr das ganze Jahr \u00fcber mit der \u201eK\u00e4tter\u201c?<\/strong> <br>Wir sind beide in Vollzeit berufst\u00e4tig, daher finden unsere Reisen au\u00dferhalb unserer Arbeitszeiten statt. Aber wir versuchen, jede freie Minute zu nutzen \u2013 egal ob Sommerhitze oder k\u00fchler Herbst.<\/li>\n\n\n\n<li><strong>Habt ihr Tipps f\u00fcr Vanlife-Anf\u00e4nger?<\/strong> <br>Einfach machen! Man muss nicht sofort das teuerste Equipment haben. Startet mit kleinen Touren, lernt euren Camper kennen und findet heraus, was ihr wirklich braucht.<\/li>\n\n\n\n<li><strong>Kann man eure Fotos f\u00fcr eigene Zwecke nutzen?<\/strong> <br>Unsere Bilder unterliegen dem Urheberrecht. Wenn dir ein Foto besonders gef\u00e4llt, kontaktiere uns bitte vorab f\u00fcr eine schriftliche Zustimmung zur Verwertung.<\/li>\n<\/ul>\n\n\n<div class=\"is-default-size aligncenter wp-block-site-logo\"><a href=\"https:\/\/vanroadtrips.com\/en\/\" class=\"custom-logo-link\" rel=\"home\"><img loading=\"lazy\" decoding=\"async\" width=\"826\" height=\"805\" src=\"https:\/\/vanroadtrips.com\/wp-content\/uploads\/2025\/12\/Logo_VT-_jpg.jpg\" class=\"custom-logo\" alt=\"vanroadtrips\" srcset=\"https:\/\/vanroadtrips.com\/wp-content\/uploads\/2025\/12\/Logo_VT-_jpg.jpg 826w, https:\/\/vanroadtrips.com\/wp-content\/uploads\/2025\/12\/Logo_VT-_jpg-300x292.jpg 300w, https:\/\/vanroadtrips.com\/wp-content\/uploads\/2025\/12\/Logo_VT-_jpg-768x748.jpg 768w\" sizes=\"auto, (max-width: 826px) 100vw, 826px\" \/><\/a><\/div>\n\n\n<p>Wenn ihr noch <strong>weitere Fragen<\/strong> habt, z\u00f6gert nicht, uns zu kontaktieren. Nutzt gerne das Kontaktformular auf unserer Webseite oder schreibt uns in den Kommentaren zu den Blogartikeln. Ihr findet uns auch auf Facebook, Instagram, YouTube und Pinterest. Wir w\u00fcnschen euch viel Freude beim Lesen und Reisen mit eurem Kastenwagen, Wohnwagen oder Camper!<\/p>","protected":false},"excerpt":{"rendered":"<p>Impressum Angaben gem\u00e4\u00df \u00a7 5 TMG: Karin SchmidtkeLangenbachweg 377773 SchenkenzellDeutschland KontaktE-Mail: info@vanroadtrips.com Verantwortlich f\u00fcr den Inhalt nach \u00a7 55 Abs. 2 RStV:Karin SchmidtkeLangenbachweg 3D-77773 Schenkenzell Haftungsausschluss:Trotz sorgf\u00e4ltiger inhaltlicher Kontrolle \u00fcbernehmen wir keine Haftung f\u00fcr die Inhalte externer Links. F\u00fcr den Inhalt der verlinkten Seiten sind ausschlie\u00dflich deren Betreiber verantwortlich. Urheberrecht:Die durch die Seitenbetreiber erstellten Inhalte [&hellip;]<\/p>\n","protected":false},"author":1,"featured_media":0,"parent":0,"menu_order":0,"comment_status":"closed","ping_status":"closed","template":"page-with-title","meta":{"footnotes":""},"class_list":["post-22","page","type-page","status-publish","hentry"],"_links":{"self":[{"href":"https:\/\/vanroadtrips.com\/en\/wp-json\/wp\/v2\/pages\/22","targetHints":{"allow":["GET"]}}],"collection":[{"href":"https:\/\/vanroadtrips.com\/en\/wp-json\/wp\/v2\/pages"}],"about":[{"href":"https:\/\/vanroadtrips.com\/en\/wp-json\/wp\/v2\/types\/page"}],"author":[{"embeddable":true,"href":"https:\/\/vanroadtrips.com\/en\/wp-json\/wp\/v2\/users\/1"}],"replies":[{"embeddable":true,"href":"https:\/\/vanroadtrips.com\/en\/wp-json\/wp\/v2\/comments?post=22"}],"version-history":[{"count":182,"href":"https:\/\/vanroadtrips.com\/en\/wp-json\/wp\/v2\/pages\/22\/revisions"}],"predecessor-version":[{"id":3277,"href":"https:\/\/vanroadtrips.com\/en\/wp-json\/wp\/v2\/pages\/22\/revisions\/3277"}],"wp:attachment":[{"href":"https:\/\/vanroadtrips.com\/en\/wp-json\/wp\/v2\/media?parent=22"}],"curies":[{"name":"wp","href":"https:\/\/api.w.org\/{rel}","templated":true}]}}