{"id":24,"date":"2025-10-01T13:03:00","date_gmt":"2025-10-01T13:03:00","guid":{"rendered":"https:\/\/vanroadtrips.com\/ressourcen\/"},"modified":"2026-04-27T20:10:25","modified_gmt":"2026-04-27T20:10:25","slug":"vanlife-tipps","status":"publish","type":"page","link":"https:\/\/vanroadtrips.com\/en\/vanlife-tipps\/","title":{"rendered":"Vanlife-Tipps"},"content":{"rendered":"<div class=\"wp-block-group alignfull is-style-ext-preset--group--natural-1--section has-background-background-color has-background has-global-padding is-layout-constrained wp-container-core-group-is-layout-e955bbaf wp-block-group-is-layout-constrained\" id=\"ressourcen\" style=\"margin-top:0;margin-bottom:0;padding-top:var(--wp--preset--spacing--70);padding-bottom:var(--wp--preset--spacing--70)\">\n<div class=\"wp-block-group alignwide is-vertical is-content-justification-center is-layout-flex wp-container-core-group-is-layout-c9ee0c5a wp-block-group-is-layout-flex\">\n<div class=\"wp-block-group has-global-padding is-layout-constrained wp-container-core-group-is-layout-5e05634a wp-block-group-is-layout-constrained\">\n<p class=\"has-text-align-center\"><em>Die Seite ist noch im Aufbau. Danke f\u00fcr euer Verst\u00e4ndnis <\/em>\u2764\ufe0f&nbsp;<\/p>\n\n\n\n<hr class=\"wp-block-separator has-alpha-channel-opacity\"\/>\n\n\n\n<h1 class=\"wp-block-heading has-text-align-center\">Vanlife-Tipps &amp; Inspirationen f\u00fcr deinen Roadtrip<\/h1>\n\n\n\n<p class=\"has-text-align-center\">Wir lieben die Freiheit auf vier R\u00e4dern! <\/p>\n\n\n\n<p class=\"has-text-align-center\">Wir lieben die Freiheit auf vier R\u00e4dern! Damit dein n\u00e4chster Trip entspannt wird, teilen wir hier unsere Erfahrungen aus der Praxis f\u00fcr dein Vanlife-Abenteuer.<\/p>\n<\/div>\n<\/div>\n\n\n\n<hr class=\"wp-block-separator has-alpha-channel-opacity\"\/>\n\n\n\n<div class=\"wp-block-columns alignwide is-layout-flex wp-container-core-columns-is-layout-08c01c1c wp-block-columns-is-layout-flex\">\n<div class=\"wp-block-column is-vertically-aligned-stretch is-layout-flow wp-container-core-column-is-layout-f5bb311e wp-block-column-is-layout-flow\">\n<div class=\"wp-block-group is-style-ext-preset--group--natural-1--item-card-1--align-center has-global-padding is-layout-constrained wp-block-group-is-layout-constrained is-style-ext-preset--group--natural-1--item-card-1--align-center--2\">\n<div class=\"wp-block-group is-style-default has-global-padding is-layout-constrained wp-block-group-is-layout-constrained\">\n<h2 class=\"wp-block-heading has-text-align-center\">TECHNIK &amp; AUTARKIE<\/h2>\n\n\n\n<p class=\"has-text-align-center\">Kein Netz, aber voller Akku? Wir zeigen dir die Gadgets und Setups, die uns unterwegs unabh\u00e4ngig machen \u2013 von der Stromversorgung bis zum smarten Cockpit.<\/p>\n\n\n\n<figure class=\"wp-block-image size-large\"><a href=\"https:\/\/www.youtube.com\/playlist?list=PL8ba14GVG4W1qnI-EBexFBEMY1ZWD54_R\"><img loading=\"lazy\" decoding=\"async\" width=\"1024\" height=\"768\" src=\"https:\/\/vanroadtrips.com\/wp-content\/uploads\/2025\/09\/20250914-Harwich-nach-Sco-10-1024x768.webp\" alt=\"Nahaufnahme eines Pioneer-Navigationssystems im Cockpit eines Fahrzeugs mit der Fehlermeldung: \u201eIhre Route endet in einem unerreichbaren Gebiet.\u201c Im Hintergrund ist durch die Windschutzscheibe eine Stra\u00dfe im Gr\u00fcnen erkennbar.\" class=\"wp-image-5342\" srcset=\"https:\/\/vanroadtrips.com\/wp-content\/uploads\/2025\/09\/20250914-Harwich-nach-Sco-10-1024x768.webp 1024w, https:\/\/vanroadtrips.com\/wp-content\/uploads\/2025\/09\/20250914-Harwich-nach-Sco-10-300x225.webp 300w, https:\/\/vanroadtrips.com\/wp-content\/uploads\/2025\/09\/20250914-Harwich-nach-Sco-10-768x576.webp 768w, https:\/\/vanroadtrips.com\/wp-content\/uploads\/2025\/09\/20250914-Harwich-nach-Sco-10-1536x1152.webp 1536w, https:\/\/vanroadtrips.com\/wp-content\/uploads\/2025\/09\/20250914-Harwich-nach-Sco-10-16x12.webp 16w, https:\/\/vanroadtrips.com\/wp-content\/uploads\/2025\/09\/20250914-Harwich-nach-Sco-10.webp 1920w\" sizes=\"auto, (max-width: 1024px) 100vw, 1024px\" \/><\/a><\/figure>\n\n\n\n<div class=\"wp-block-buttons is-content-justification-center is-layout-flex wp-container-core-buttons-is-layout-a89b3969 wp-block-buttons-is-layout-flex\">\n<div class=\"wp-block-button is-style-ext-preset--button--natural-1--button-1 is-style-ext-preset--button--natural-1--button-1--3\"><a class=\"wp-block-button__link wp-element-button\" href=\"https:\/\/www.youtube.com\/playlist?list=PL8ba14GVG4W1qnI-EBexFBEMY1ZWD54_R\">Setup &amp; Autarkie-Tipps<\/a><\/div>\n<\/div>\n<\/div>\n<\/div>\n<\/div>\n\n\n\n<div class=\"wp-block-column is-vertically-aligned-stretch is-layout-flow wp-container-core-column-is-layout-f5bb311e wp-block-column-is-layout-flow\">\n<div class=\"wp-block-group is-style-ext-preset--group--natural-1--item-card-1--align-center has-global-padding is-layout-constrained wp-block-group-is-layout-constrained is-style-ext-preset--group--natural-1--item-card-1--align-center--4\">\n<div class=\"wp-block-group is-style-default has-global-padding is-layout-constrained wp-block-group-is-layout-constrained\">\n<h2 class=\"wp-block-heading has-text-align-center\">DIY-L\u00f6sungen, K\u00fcche, Stauraum<\/h2>\n\n\n\n<p class=\"has-text-align-center\">Maximaler Komfort auf minimalem Raum. Entdecke unsere smarten DIY-L\u00f6sungen f\u00fcr K\u00fcche, Stauraum und Wohnen, die deinen Van zum echten Zuhause machen.<\/p>\n\n\n\n<figure class=\"wp-block-image size-large\"><a href=\"https:\/\/www.youtube.com\/playlist?list=PL8ba14GVG4W0J79M53aojwwOy3R_QU9ie\"><img loading=\"lazy\" decoding=\"async\" width=\"1024\" height=\"768\" src=\"https:\/\/vanroadtrips.com\/wp-content\/uploads\/2026\/03\/Gewuerzglas-1024x768.webp\" alt=\"\" class=\"wp-image-12672\" srcset=\"https:\/\/vanroadtrips.com\/wp-content\/uploads\/2026\/03\/Gewuerzglas-1024x768.webp 1024w, https:\/\/vanroadtrips.com\/wp-content\/uploads\/2026\/03\/Gewuerzglas-300x225.webp 300w, https:\/\/vanroadtrips.com\/wp-content\/uploads\/2026\/03\/Gewuerzglas-768x576.webp 768w, https:\/\/vanroadtrips.com\/wp-content\/uploads\/2026\/03\/Gewuerzglas-1536x1152.webp 1536w, https:\/\/vanroadtrips.com\/wp-content\/uploads\/2026\/03\/Gewuerzglas-16x12.webp 16w, https:\/\/vanroadtrips.com\/wp-content\/uploads\/2026\/03\/Gewuerzglas.webp 1920w\" sizes=\"auto, (max-width: 1024px) 100vw, 1024px\" \/><\/a><\/figure>\n\n\n\n<div class=\"wp-block-buttons is-content-justification-center is-layout-flex wp-container-core-buttons-is-layout-a89b3969 wp-block-buttons-is-layout-flex\">\n<div class=\"wp-block-button is-style-ext-preset--button--natural-1--button-1 is-style-ext-preset--button--natural-1--button-1--5\"><a class=\"wp-block-button__link wp-element-button\" href=\"https:\/\/www.youtube.com\/playlist?list=PL8ba14GVG4W0J79M53aojwwOy3R_QU9ie\">Camper-Hacks entdecken<\/a><\/div>\n<\/div>\n<\/div>\n<\/div>\n<\/div>\n\n\n\n<div class=\"wp-block-column is-vertically-aligned-stretch is-layout-flow wp-container-core-column-is-layout-f5bb311e wp-block-column-is-layout-flow\">\n<div class=\"wp-block-group is-style-ext-preset--group--natural-1--item-card-1--align-center has-global-padding is-layout-constrained wp-block-group-is-layout-constrained is-style-ext-preset--group--natural-1--item-card-1--align-center--6\">\n<div class=\"wp-block-group is-style-default has-global-padding is-layout-constrained wp-block-group-is-layout-constrained\">\n<h2 class=\"wp-block-heading has-text-align-center\">Camper Talk &amp; Routen<\/h2>\n\n\n\n<p class=\"has-text-align-center\">Raus geht&#8217;s aus dem Alltag, rein ins Vanlife. Wir teilen mit euch unsere ehrlichsten Erfahrungen, inspirierende Routen und Geschichten von unterwegs.<\/p>\n\n\n\n<figure class=\"wp-block-image size-large\"><a href=\"https:\/\/www.youtube.com\/playlist?list=PL8ba14GVG4W1bDmv3jfHpP0XFQWzZjPCd\"><img loading=\"lazy\" decoding=\"async\" width=\"1024\" height=\"768\" src=\"https:\/\/vanroadtrips.com\/wp-content\/uploads\/2026\/03\/tipps-und-tricks-1024x768.webp\" alt=\"\" class=\"wp-image-12643\" srcset=\"https:\/\/vanroadtrips.com\/wp-content\/uploads\/2026\/03\/tipps-und-tricks-1024x768.webp 1024w, https:\/\/vanroadtrips.com\/wp-content\/uploads\/2026\/03\/tipps-und-tricks-300x225.webp 300w, https:\/\/vanroadtrips.com\/wp-content\/uploads\/2026\/03\/tipps-und-tricks-768x576.webp 768w, https:\/\/vanroadtrips.com\/wp-content\/uploads\/2026\/03\/tipps-und-tricks-1536x1152.webp 1536w, https:\/\/vanroadtrips.com\/wp-content\/uploads\/2026\/03\/tipps-und-tricks-16x12.webp 16w, https:\/\/vanroadtrips.com\/wp-content\/uploads\/2026\/03\/tipps-und-tricks.webp 1920w\" sizes=\"auto, (max-width: 1024px) 100vw, 1024px\" \/><\/a><\/figure>\n\n\n\n<div class=\"wp-block-buttons is-content-justification-center is-layout-flex wp-container-core-buttons-is-layout-a89b3969 wp-block-buttons-is-layout-flex\">\n<div class=\"wp-block-button is-style-ext-preset--button--natural-1--button-1 is-style-ext-preset--button--natural-1--button-1--7\"><a class=\"wp-block-button__link wp-element-button\" href=\"https:\/\/www.youtube.com\/playlist?list=PL8ba14GVG4W1bDmv3jfHpP0XFQWzZjPCd\">Vor und hinter den Kulissen<\/a><\/div>\n<\/div>\n<\/div>\n<\/div>\n<\/div>\n<\/div>\n<\/div>\n\n\n\n<div class=\"wp-block-group alignfull is-style-ext-preset--group--natural-1--section has-background-background-color has-background has-global-padding is-layout-constrained wp-container-core-group-is-layout-e955bbaf wp-block-group-is-layout-constrained\" style=\"margin-top:0;margin-bottom:0;padding-top:var(--wp--preset--spacing--70);padding-bottom:var(--wp--preset--spacing--70)\">\n<div class=\"wp-block-group alignwide is-vertical is-content-justification-center is-layout-flex wp-container-core-group-is-layout-c9ee0c5a wp-block-group-is-layout-flex\">\n<div class=\"wp-block-group has-global-padding is-layout-constrained wp-container-core-group-is-layout-5e05634a wp-block-group-is-layout-constrained\">\n<h2 class=\"wp-block-heading has-text-align-center\">Erlebe exklusive Tipps &amp; unvergessliche Roadtrip-Momente.<\/h2>\n\n\n\n<p class=\"has-text-align-center\">Hier findest du kompakte Einblicke in die besten Vanlife-Tricks und essentielle Reisehinweise.<\/p>\n<\/div>\n<\/div>\n\n\n\n<div class=\"wp-block-columns alignwide is-layout-flex wp-container-core-columns-is-layout-08c01c1c wp-block-columns-is-layout-flex\">\n<div class=\"wp-block-column is-vertically-aligned-stretch is-layout-flow wp-container-core-column-is-layout-f5bb311e wp-block-column-is-layout-flow\">\n<div class=\"wp-block-group is-style-ext-preset--group--natural-1--item-card-1--align-center has-global-padding is-layout-constrained wp-block-group-is-layout-constrained is-style-ext-preset--group--natural-1--item-card-1--align-center--9\">\n<figure class=\"wp-block-image aligncenter size-full ext-aspect-landscape\"><img loading=\"lazy\" decoding=\"async\" width=\"1024\" height=\"1024\" src=\"https:\/\/vanroadtrips.com\/wp-content\/uploads\/2025\/09\/Wuff-Fernrohr-kompri-2.webp\" alt=\"Wuff h\u00e4lt Ausschau nach Seehunden.\" class=\"wp-image-9568\" style=\"aspect-ratio:4\/3;object-fit:contain\" srcset=\"https:\/\/vanroadtrips.com\/wp-content\/uploads\/2025\/09\/Wuff-Fernrohr-kompri-2.webp 1024w, https:\/\/vanroadtrips.com\/wp-content\/uploads\/2025\/09\/Wuff-Fernrohr-kompri-2-300x300.webp 300w, https:\/\/vanroadtrips.com\/wp-content\/uploads\/2025\/09\/Wuff-Fernrohr-kompri-2-150x150.webp 150w, https:\/\/vanroadtrips.com\/wp-content\/uploads\/2025\/09\/Wuff-Fernrohr-kompri-2-768x768.webp 768w, https:\/\/vanroadtrips.com\/wp-content\/uploads\/2025\/09\/Wuff-Fernrohr-kompri-2-12x12.webp 12w\" sizes=\"auto, (max-width: 1024px) 100vw, 1024px\" \/><\/figure>\n\n\n\n<div class=\"wp-block-group is-style-default has-global-padding is-layout-constrained wp-block-group-is-layout-constrained\">\n<h3 class=\"wp-block-heading has-text-align-center\">Praktische Packlisten f\u00fcr deinen Vantrip.<\/h3>\n\n\n\n<p class=\"has-text-align-center\">Erfahre, wie du mit cleverer Planung und Ausstattung stressfrei unterwegs bist und deine Reise optimal genie\u00dft.<\/p>\n<\/div>\n<\/div>\n<\/div>\n\n\n\n<div class=\"wp-block-column is-vertically-aligned-stretch is-layout-flow wp-container-core-column-is-layout-f5bb311e wp-block-column-is-layout-flow\">\n<div class=\"wp-block-group is-style-ext-preset--group--natural-1--item-card-1--align-center has-global-padding is-layout-constrained wp-block-group-is-layout-constrained is-style-ext-preset--group--natural-1--item-card-1--align-center--10\">\n<figure class=\"wp-block-image aligncenter size-full ext-aspect-landscape\"><img loading=\"lazy\" decoding=\"async\" width=\"823\" height=\"622\" src=\"https:\/\/vanroadtrips.com\/wp-content\/uploads\/2026\/01\/z_-Kaetter.webp\" alt=\"Abenteuer erleben mit Vanroadtrips\" class=\"wp-image-5759\" style=\"aspect-ratio:4\/3;object-fit:contain\" srcset=\"https:\/\/vanroadtrips.com\/wp-content\/uploads\/2026\/01\/z_-Kaetter.webp 823w, https:\/\/vanroadtrips.com\/wp-content\/uploads\/2026\/01\/z_-Kaetter-300x227.webp 300w, https:\/\/vanroadtrips.com\/wp-content\/uploads\/2026\/01\/z_-Kaetter-768x580.webp 768w, https:\/\/vanroadtrips.com\/wp-content\/uploads\/2026\/01\/z_-Kaetter-16x12.webp 16w\" sizes=\"auto, (max-width: 823px) 100vw, 823px\" \/><\/figure>\n\n\n\n<div class=\"wp-block-group is-style-default has-global-padding is-layout-constrained wp-block-group-is-layout-constrained\">\n<h3 class=\"wp-block-heading has-text-align-center\">Unverzichtbare Routenempfehlungen.<\/h3>\n\n\n\n<p class=\"has-text-align-center\">Entdecke abwechslungsreiche Strecken, die wilde Natur, Abenteuer und Erholung perfekt miteinander verbinden.<\/p>\n<\/div>\n<\/div>\n<\/div>\n\n\n\n<div class=\"wp-block-column is-vertically-aligned-stretch is-layout-flow wp-container-core-column-is-layout-f5bb311e wp-block-column-is-layout-flow\">\n<div class=\"wp-block-group is-style-ext-preset--group--natural-1--item-card-1--align-center has-global-padding is-layout-constrained wp-block-group-is-layout-constrained is-style-ext-preset--group--natural-1--item-card-1--align-center--11\">\n<figure class=\"wp-block-image aligncenter size-full ext-aspect-landscape\"><img loading=\"lazy\" decoding=\"async\" width=\"928\" height=\"1120\" src=\"https:\/\/vanroadtrips.com\/wp-content\/uploads\/2026\/01\/Fiona-schlaeft.png\" alt=\"\" class=\"wp-image-5800\" style=\"aspect-ratio:4\/3;object-fit:contain\" srcset=\"https:\/\/vanroadtrips.com\/wp-content\/uploads\/2026\/01\/Fiona-schlaeft.png 928w, https:\/\/vanroadtrips.com\/wp-content\/uploads\/2026\/01\/Fiona-schlaeft-249x300.png 249w, https:\/\/vanroadtrips.com\/wp-content\/uploads\/2026\/01\/Fiona-schlaeft-848x1024.png 848w, https:\/\/vanroadtrips.com\/wp-content\/uploads\/2026\/01\/Fiona-schlaeft-768x927.png 768w, https:\/\/vanroadtrips.com\/wp-content\/uploads\/2026\/01\/Fiona-schlaeft-10x12.png 10w\" sizes=\"auto, (max-width: 928px) 100vw, 928px\" \/><\/figure>\n\n\n\n<div class=\"wp-block-group is-style-default has-global-padding is-layout-constrained wp-block-group-is-layout-constrained\">\n<h3 class=\"wp-block-heading\">Ausr\u00fcstungstipps f\u00fcr Van-Abenteurer.<\/h3>\n\n\n\n<p class=\"has-text-align-center\">Lerne, welche Tools und Gadgets deinen Roadtrip praktischer, sicherer und komfortabler machen k\u00f6nnen.<\/p>\n<\/div>\n<\/div>\n<\/div>\n<\/div>\n\n\n\n<div class=\"wp-block-buttons is-content-justification-center is-layout-flex wp-container-core-buttons-is-layout-a89b3969 wp-block-buttons-is-layout-flex\">\n<div class=\"wp-block-button is-style-ext-preset--button--natural-1--button-1 is-style-ext-preset--button--natural-1--button-1--12\"><a class=\"wp-block-button__link wp-element-button\" href=\"https:\/\/vanroadtrips.com\/en\/kontakt\/\">Mehr erfahren<\/a><\/div>\n<\/div>\n<\/div>","protected":false},"excerpt":{"rendered":"<p>Die Seite ist noch im Aufbau. Danke f\u00fcr euer Verst\u00e4ndnis \u2764\ufe0f&nbsp; Vanlife-Tipps &amp; Inspirationen f\u00fcr deinen Roadtrip Wir lieben die Freiheit auf vier R\u00e4dern! Wir lieben die Freiheit auf vier R\u00e4dern! Damit dein n\u00e4chster Trip entspannt wird, teilen wir hier unsere Erfahrungen aus der Praxis f\u00fcr dein Vanlife-Abenteuer. TECHNIK &amp; AUTARKIE Kein Netz, aber voller [&hellip;]<\/p>\n","protected":false},"author":1,"featured_media":0,"parent":0,"menu_order":0,"comment_status":"closed","ping_status":"closed","template":"page-with-title","meta":{"footnotes":""},"class_list":["post-24","page","type-page","status-publish","hentry"],"_links":{"self":[{"href":"https:\/\/vanroadtrips.com\/en\/wp-json\/wp\/v2\/pages\/24","targetHints":{"allow":["GET"]}}],"collection":[{"href":"https:\/\/vanroadtrips.com\/en\/wp-json\/wp\/v2\/pages"}],"about":[{"href":"https:\/\/vanroadtrips.com\/en\/wp-json\/wp\/v2\/types\/page"}],"author":[{"embeddable":true,"href":"https:\/\/vanroadtrips.com\/en\/wp-json\/wp\/v2\/users\/1"}],"replies":[{"embeddable":true,"href":"https:\/\/vanroadtrips.com\/en\/wp-json\/wp\/v2\/comments?post=24"}],"version-history":[{"count":179,"href":"https:\/\/vanroadtrips.com\/en\/wp-json\/wp\/v2\/pages\/24\/revisions"}],"predecessor-version":[{"id":13232,"href":"https:\/\/vanroadtrips.com\/en\/wp-json\/wp\/v2\/pages\/24\/revisions\/13232"}],"wp:attachment":[{"href":"https:\/\/vanroadtrips.com\/en\/wp-json\/wp\/v2\/media?parent=24"}],"curies":[{"name":"wp","href":"https:\/\/api.w.org\/{rel}","templated":true}]}}