{"id":25,"date":"2025-12-11T14:03:00","date_gmt":"2025-12-11T14:03:00","guid":{"rendered":"https:\/\/vanroadtrips.com\/team\/"},"modified":"2026-01-10T14:23:54","modified_gmt":"2026-01-10T14:23:54","slug":"team","status":"publish","type":"page","link":"https:\/\/vanroadtrips.com\/en\/team\/","title":{"rendered":"Team"},"content":{"rendered":"<div class=\"wp-block-group alignfull is-style-ext-preset--group--natural-1--section has-tertiary-background-color has-background has-global-padding is-layout-constrained wp-container-core-group-is-layout-e955bbaf wp-block-group-is-layout-constrained\" id=\"team\" style=\"margin-top:0;margin-bottom:0;padding-top:var(--wp--preset--spacing--70);padding-bottom:var(--wp--preset--spacing--70)\">\n<div class=\"wp-block-group alignwide is-vertical is-content-justification-center is-layout-flex wp-container-core-group-is-layout-c9ee0c5a wp-block-group-is-layout-flex\">\n<div class=\"wp-block-group has-global-padding is-layout-constrained wp-container-core-group-is-layout-2287c683 wp-block-group-is-layout-constrained\">\n<h2 class=\"wp-block-heading has-text-align-center\">K\u00f6pfe, Expertise und Maskottchen<\/h2>\n\n\n\n<p class=\"has-text-align-center\">Lerne unser engagiertes Team kennen, das seine Leidenschaft f\u00fcr Van-Roadtrips teilt.<\/p>\n<\/div>\n<\/div>\n\n\n\n<div class=\"wp-block-columns alignwide is-layout-flex wp-container-core-columns-is-layout-08c01c1c wp-block-columns-is-layout-flex\">\n<div class=\"wp-block-column is-vertically-aligned-stretch is-layout-flow wp-block-column-is-layout-flow\">\n<div class=\"wp-block-group is-style-ext-preset--group--natural-1--item-card-1--align-center has-global-padding is-layout-constrained wp-block-group-is-layout-constrained is-style-ext-preset--group--natural-1--item-card-1--align-center--2\">\n<figure class=\"wp-block-image size-large\"><img loading=\"lazy\" decoding=\"async\" width=\"768\" height=\"1024\" src=\"https:\/\/vanroadtrips.com\/wp-content\/uploads\/2025\/12\/IMG_E2537-768x1024.jpg\" alt=\"\" class=\"wp-image-402\" style=\"aspect-ratio:1;object-fit:cover\" srcset=\"https:\/\/vanroadtrips.com\/wp-content\/uploads\/2025\/12\/IMG_E2537-768x1024.jpg 768w, https:\/\/vanroadtrips.com\/wp-content\/uploads\/2025\/12\/IMG_E2537-225x300.jpg 225w, https:\/\/vanroadtrips.com\/wp-content\/uploads\/2025\/12\/IMG_E2537-1152x1536.jpg 1152w, https:\/\/vanroadtrips.com\/wp-content\/uploads\/2025\/12\/IMG_E2537-1536x2048.jpg 1536w, https:\/\/vanroadtrips.com\/wp-content\/uploads\/2025\/12\/IMG_E2537-scaled.jpg 1920w\" sizes=\"auto, (max-width: 768px) 100vw, 768px\" \/><\/figure>\n\n\n\n<div class=\"wp-block-group is-style-default has-global-padding is-layout-constrained wp-block-group-is-layout-constrained\">\n<h3 class=\"wp-block-heading\" style=\"font-size:clamp(14px, 0.875rem + ((1vw - 3.2px) * 0.625), 20px);\">Ingo<\/h3>\n\n\n\n<p style=\"margin-top:0;margin-bottom:0;font-size:clamp(14px, 0.875rem + ((1vw - 3.2px) * 0.417), 18px);\">Disponent &amp; Routen-Vision\u00e4r<\/p>\n\n\n\n<p>Ingo ist der <strong>technische Kopf<\/strong> und <strong>Routen-Spezialist<\/strong> des Teams. Als ausgebildeter LKW-Mechaniker verf\u00fcgt er \u00fcber <strong>tiefgehendes Know-how<\/strong> in der Fahrzeugtechnik und -wartung. Diese Expertise kombiniert er mit seiner langj\u00e4hrigen Erfahrung als Transport-Disponent. Seine Routen sind daher nicht nur pr\u00e4zise, sondern \u00fcberzeugen selbst Angus durch <strong>Professionalit\u00e4t und Effizienz<\/strong>. Er navigiert das Team zuverl\u00e4ssig zu den wundersch\u00f6nsten Zielen und stellt sicher, dass <strong>jeder Kilometer optimal genutzt<\/strong> wird.<\/p>\n<\/div>\n<\/div>\n<\/div>\n\n\n\n<div class=\"wp-block-column is-vertically-aligned-stretch is-layout-flow wp-block-column-is-layout-flow\">\n<div class=\"wp-block-group is-style-ext-preset--group--natural-1--item-card-1--align-center has-global-padding is-layout-constrained wp-block-group-is-layout-constrained is-style-ext-preset--group--natural-1--item-card-1--align-center--3\">\n<figure class=\"wp-block-image size-large\"><img loading=\"lazy\" decoding=\"async\" width=\"683\" height=\"1024\" src=\"https:\/\/vanroadtrips.com\/wp-content\/uploads\/2025\/12\/IMG_3741-683x1024.jpg\" alt=\"\" class=\"wp-image-409\" style=\"aspect-ratio:1;object-fit:cover\" srcset=\"https:\/\/vanroadtrips.com\/wp-content\/uploads\/2025\/12\/IMG_3741-683x1024.jpg 683w, https:\/\/vanroadtrips.com\/wp-content\/uploads\/2025\/12\/IMG_3741-200x300.jpg 200w, https:\/\/vanroadtrips.com\/wp-content\/uploads\/2025\/12\/IMG_3741-768x1152.jpg 768w, https:\/\/vanroadtrips.com\/wp-content\/uploads\/2025\/12\/IMG_3741.jpg 832w\" sizes=\"auto, (max-width: 683px) 100vw, 683px\" \/><\/figure>\n\n\n\n<div class=\"wp-block-group is-style-default has-global-padding is-layout-constrained wp-block-group-is-layout-constrained\">\n<h3 class=\"wp-block-heading\" style=\"font-size:clamp(14px, 0.875rem + ((1vw - 3.2px) * 0.625), 20px);\">Angus &amp; Co<\/h3>\n\n\n\n<p style=\"margin-top:0;margin-bottom:0;font-size:clamp(14px, 0.875rem + ((1vw - 3.2px) * 0.417), 18px);\">Haarige Reisebegleiter<\/p>\n\n\n\n<p>Angus, unser treues Highland Cattle, ist das knuffige <strong>Maskottchen<\/strong> und der heimliche Chef der kuscheligen Truppe. Gemeinsam mit <strong>Wuff, B\u00e4rbel<\/strong> und dem sensiblen L\u00e4mmchen <strong>Fiona <\/strong>repr\u00e4sentiert er die vier Enkelkinder von Karin und Ingo. Sein haariges Fell und die wilde Mine machen ihn zum perfekten Reisebegleiter im Van namens K\u00e4tter. Mit seinen drei pl\u00fcschigen Freunden ist er neugierig und meist gut gelaunt, erlebt alle <strong>Abenteuer <\/strong>hautnah mit und sorgt als stummer Zeuge f\u00fcr die n\u00f6tige Portion <strong>Gem\u00fctlichkeit und Humor<\/strong> auf jeder Route.<\/p>\n<\/div>\n<\/div>\n<\/div>\n\n\n\n<div class=\"wp-block-column is-vertically-aligned-stretch is-layout-flow wp-block-column-is-layout-flow\">\n<div class=\"wp-block-group is-style-ext-preset--group--natural-1--item-card-1--align-center has-global-padding is-layout-constrained wp-block-group-is-layout-constrained is-style-ext-preset--group--natural-1--item-card-1--align-center--4\">\n<figure class=\"wp-block-image size-large\"><img loading=\"lazy\" decoding=\"async\" width=\"1024\" height=\"768\" src=\"https:\/\/vanroadtrips.com\/wp-content\/uploads\/2025\/12\/IMG_0959-1024x768.jpg\" alt=\"\" class=\"wp-image-406\" style=\"aspect-ratio:1;object-fit:cover\" srcset=\"https:\/\/vanroadtrips.com\/wp-content\/uploads\/2025\/12\/IMG_0959-1024x768.jpg 1024w, https:\/\/vanroadtrips.com\/wp-content\/uploads\/2025\/12\/IMG_0959-300x225.jpg 300w, https:\/\/vanroadtrips.com\/wp-content\/uploads\/2025\/12\/IMG_0959-768x576.jpg 768w, https:\/\/vanroadtrips.com\/wp-content\/uploads\/2025\/12\/IMG_0959-1536x1152.jpg 1536w, https:\/\/vanroadtrips.com\/wp-content\/uploads\/2025\/12\/IMG_0959-2048x1536.jpg 2048w\" sizes=\"auto, (max-width: 1024px) 100vw, 1024px\" \/><\/figure>\n\n\n\n<div class=\"wp-block-group is-style-default has-global-padding is-layout-constrained wp-block-group-is-layout-constrained\">\n<h3 class=\"wp-block-heading\" style=\"font-size:clamp(14px, 0.875rem + ((1vw - 3.2px) * 0.625), 20px);\">Karin<\/h3>\n\n\n\n<p style=\"margin-top:0;margin-bottom:0;font-size:clamp(14px, 0.875rem + ((1vw - 3.2px) * 0.417), 18px);\">Energieb\u00fcndel &amp; Van-Verliebt<\/p>\n\n\n\n<p class=\"has-text-align-center\">Karin bereichert unsere Projekte mit 19 Jahren Erfahrung als Freie Journalistin und ihrer T\u00e4tigkeit als Fotografin \u2013 eine Kombination, die f\u00fcr einen <strong>scharfen Blick und Kreativit\u00e4t<\/strong> sorgt. Sie ist die <strong>treibende Kraft<\/strong> hinter den Blogs dieser Website. Ihre Kernkompetenz liegt in <strong>praxisnahen Tipps und cleveren L\u00f6sungen<\/strong> rund um Van-Ausr\u00fcstung und Technik. Als begeisterte Schn\u00e4ppchenj\u00e4gerin sp\u00fcrt sie wirklich n\u00fctzliche Gadgets f\u00fcr Wohnmobil, Camper oder Kastenwagen auf. Getreu ihrem Motto: <strong>Qualit\u00e4t geht vor<\/strong>.<\/p>\n<\/div>\n<\/div>\n<\/div>\n<\/div>\n<\/div>\n\n\n\n<figure class=\"wp-block-gallery has-nested-images columns-4 wp-block-gallery-5 is-layout-flex wp-block-gallery-is-layout-flex\">\n<figure class=\"wp-block-image size-large\"><img loading=\"lazy\" decoding=\"async\" width=\"477\" height=\"570\" data-id=\"894\" src=\"https:\/\/vanroadtrips.com\/wp-content\/uploads\/2025\/12\/z_-Angus.png\" alt=\"\" class=\"wp-image-894\" style=\"aspect-ratio:2\/3\" srcset=\"https:\/\/vanroadtrips.com\/wp-content\/uploads\/2025\/12\/z_-Angus.png 477w, https:\/\/vanroadtrips.com\/wp-content\/uploads\/2025\/12\/z_-Angus-251x300.png 251w\" sizes=\"auto, (max-width: 477px) 100vw, 477px\" \/><figcaption class=\"wp-element-caption\">Angus<\/figcaption><\/figure>\n\n\n\n<figure class=\"wp-block-image size-large\"><img loading=\"lazy\" decoding=\"async\" width=\"465\" height=\"568\" data-id=\"896\" src=\"https:\/\/vanroadtrips.com\/wp-content\/uploads\/2025\/12\/z_-Baerbel.png\" alt=\"\" class=\"wp-image-896\" style=\"aspect-ratio:2\/3\" srcset=\"https:\/\/vanroadtrips.com\/wp-content\/uploads\/2025\/12\/z_-Baerbel.png 465w, https:\/\/vanroadtrips.com\/wp-content\/uploads\/2025\/12\/z_-Baerbel-246x300.png 246w\" sizes=\"auto, (max-width: 465px) 100vw, 465px\" \/><figcaption class=\"wp-element-caption\">B\u00e4rbel<\/figcaption><\/figure>\n\n\n\n<figure class=\"wp-block-image size-large\"><img loading=\"lazy\" decoding=\"async\" width=\"595\" height=\"727\" data-id=\"888\" src=\"https:\/\/vanroadtrips.com\/wp-content\/uploads\/2025\/12\/z_-Fiona.png\" alt=\"\" class=\"wp-image-888\" style=\"aspect-ratio:2\/3\" srcset=\"https:\/\/vanroadtrips.com\/wp-content\/uploads\/2025\/12\/z_-Fiona.png 595w, https:\/\/vanroadtrips.com\/wp-content\/uploads\/2025\/12\/z_-Fiona-246x300.png 246w\" sizes=\"auto, (max-width: 595px) 100vw, 595px\" \/><figcaption class=\"wp-element-caption\">Fiona<\/figcaption><\/figure>\n\n\n\n<figure class=\"wp-block-image size-large\"><img loading=\"lazy\" decoding=\"async\" width=\"379\" height=\"600\" data-id=\"883\" src=\"https:\/\/vanroadtrips.com\/wp-content\/uploads\/2025\/12\/z_-Wuff2.png\" alt=\"\" class=\"wp-image-883\" style=\"aspect-ratio:2\/3\" srcset=\"https:\/\/vanroadtrips.com\/wp-content\/uploads\/2025\/12\/z_-Wuff2.png 379w, https:\/\/vanroadtrips.com\/wp-content\/uploads\/2025\/12\/z_-Wuff2-190x300.png 190w\" sizes=\"auto, (max-width: 379px) 100vw, 379px\" \/><figcaption class=\"wp-element-caption\">Wuff<\/figcaption><\/figure>\n<\/figure>\n\n\n\n<hr class=\"wp-block-separator has-alpha-channel-opacity\"\/>","protected":false},"excerpt":{"rendered":"<p>K\u00f6pfe, Expertise und Maskottchen Lerne unser engagiertes Team kennen, das seine Leidenschaft f\u00fcr Van-Roadtrips teilt. Ingo Disponent &amp; Routen-Vision\u00e4r Ingo ist der technische Kopf und Routen-Spezialist des Teams. Als ausgebildeter LKW-Mechaniker verf\u00fcgt er \u00fcber tiefgehendes Know-how in der Fahrzeugtechnik und -wartung. Diese Expertise kombiniert er mit seiner langj\u00e4hrigen Erfahrung als Transport-Disponent. Seine Routen sind daher [&hellip;]<\/p>\n","protected":false},"author":1,"featured_media":409,"parent":0,"menu_order":0,"comment_status":"closed","ping_status":"closed","template":"page-with-title","meta":{"footnotes":""},"class_list":["post-25","page","type-page","status-publish","has-post-thumbnail","hentry"],"_links":{"self":[{"href":"https:\/\/vanroadtrips.com\/en\/wp-json\/wp\/v2\/pages\/25","targetHints":{"allow":["GET"]}}],"collection":[{"href":"https:\/\/vanroadtrips.com\/en\/wp-json\/wp\/v2\/pages"}],"about":[{"href":"https:\/\/vanroadtrips.com\/en\/wp-json\/wp\/v2\/types\/page"}],"author":[{"embeddable":true,"href":"https:\/\/vanroadtrips.com\/en\/wp-json\/wp\/v2\/users\/1"}],"replies":[{"embeddable":true,"href":"https:\/\/vanroadtrips.com\/en\/wp-json\/wp\/v2\/comments?post=25"}],"version-history":[{"count":156,"href":"https:\/\/vanroadtrips.com\/en\/wp-json\/wp\/v2\/pages\/25\/revisions"}],"predecessor-version":[{"id":1497,"href":"https:\/\/vanroadtrips.com\/en\/wp-json\/wp\/v2\/pages\/25\/revisions\/1497"}],"wp:featuredmedia":[{"embeddable":true,"href":"https:\/\/vanroadtrips.com\/en\/wp-json\/wp\/v2\/media\/409"}],"wp:attachment":[{"href":"https:\/\/vanroadtrips.com\/en\/wp-json\/wp\/v2\/media?parent=25"}],"curies":[{"name":"wp","href":"https:\/\/api.w.org\/{rel}","templated":true}]}}