{"id":26,"date":"2025-12-11T14:00:00","date_gmt":"2025-12-11T14:00:00","guid":{"rendered":"https:\/\/vanroadtrips.com\/start\/"},"modified":"2026-01-10T14:21:54","modified_gmt":"2026-01-10T14:21:54","slug":"start","status":"publish","type":"page","link":"https:\/\/vanroadtrips.com\/en\/","title":{"rendered":"Start"},"content":{"rendered":"<div class=\"wp-block-group alignfull is-style-ext-preset--group--natural-1--section has-background-background-color has-background has-global-padding is-layout-constrained wp-block-group-is-layout-constrained\" style=\"margin-top:0;margin-bottom:0;padding-top:var(--wp--preset--spacing--50);padding-bottom:var(--wp--preset--spacing--70)\">\n<div class=\"wp-block-group alignwide is-style-ext-preset--group--natural-1--item-card-1--align-start has-tertiary-background-color has-background has-global-padding is-layout-constrained wp-container-core-group-is-layout-f611be13 wp-block-group-is-layout-constrained is-style-ext-preset--group--natural-1--item-card-1--align-start--2\" style=\"padding-top:var(--wp--preset--spacing--50);padding-right:var(--wp--preset--spacing--50);padding-bottom:var(--wp--preset--spacing--50);padding-left:var(--wp--preset--spacing--50)\">\n<div class=\"wp-block-columns alignwide is-layout-flex wp-container-core-columns-is-layout-174606dc wp-block-columns-is-layout-flex\">\n<div class=\"wp-block-column is-vertically-aligned-center is-layout-flow wp-block-column-is-layout-flow\" style=\"flex-basis:672px\">\n<div class=\"wp-block-group alignwide is-vertical is-layout-flex wp-container-core-group-is-layout-4347e2ee wp-block-group-is-layout-flex\" style=\"padding-top:0;padding-right:0;padding-bottom:0;padding-left:0\">\n<div class=\"wp-block-group has-global-padding is-layout-constrained wp-container-core-group-is-layout-812d5580 wp-block-group-is-layout-constrained\" style=\"padding-top:0;padding-right:0;padding-bottom:0;padding-left:0\">\n<h1 class=\"wp-block-heading has-xx-large-font-size\">Faszination Vanlife: Tipps f\u00fcr VanRoadtrips<\/h1>\n\n\n\n<p>Vanlife ohne Filter: Ingo &amp; Karin unterwegs \u2013 Pannen, Pl\u00e4tze &amp; pure Freiheit.<\/p>\n\n\n\n<p>Entdecke mit uns, Vanroadtrips, spannende Erlebnisse und praktische Tipps, die dir unvergessliche Abenteuer erm\u00f6glichen und deine Reise einzigartig machen.<\/p>\n<\/div>\n\n\n\n<div class=\"wp-block-buttons is-layout-flex wp-block-buttons-is-layout-flex\">\n<div class=\"wp-block-button is-style-ext-preset--button--natural-1--button-1 is-style-ext-preset--button--natural-1--button-1--3\"><a class=\"wp-block-button__link wp-element-button\" href=\"https:\/\/vanroadtrips.com\/en\/team\/\">Mehr erfahren<\/a><\/div>\n<\/div>\n<\/div>\n<\/div>\n\n\n\n<div class=\"wp-block-column is-vertically-aligned-stretch is-layout-flow wp-block-column-is-layout-flow\">\n<div class=\"wp-block-cover is-light is-style-ext-preset--image--natural-1--image-1--content-bottom is-style-ext-preset--image--natural-1--image-1--content-bottom--4\" style=\"border-style:none;border-width:0px;box-shadow:none;min-height:100vh;aspect-ratio:unset;\"><img loading=\"lazy\" decoding=\"async\" width=\"1024\" height=\"768\" class=\"wp-block-cover__image-background wp-image-141 size-large\" alt=\"\" src=\"https:\/\/vanroadtrips.com\/wp-content\/uploads\/2025\/12\/IMG_E7357-1024x768.jpg\" data-object-fit=\"cover\" srcset=\"https:\/\/vanroadtrips.com\/wp-content\/uploads\/2025\/12\/IMG_E7357-1024x768.jpg 1024w, https:\/\/vanroadtrips.com\/wp-content\/uploads\/2025\/12\/IMG_E7357-300x225.jpg 300w, https:\/\/vanroadtrips.com\/wp-content\/uploads\/2025\/12\/IMG_E7357-768x576.jpg 768w, https:\/\/vanroadtrips.com\/wp-content\/uploads\/2025\/12\/IMG_E7357-1536x1152.jpg 1536w, https:\/\/vanroadtrips.com\/wp-content\/uploads\/2025\/12\/IMG_E7357-2048x1536.jpg 2048w\" sizes=\"auto, (max-width: 1024px) 100vw, 1024px\" \/><span aria-hidden=\"true\" class=\"wp-block-cover__background has-background-dim-0 has-background-dim\" style=\"background-color:#7a8ca4\"><\/span><div class=\"wp-block-cover__inner-container is-layout-flow wp-block-cover-is-layout-flow\">\n<div style=\"height:450px\" aria-hidden=\"true\" class=\"wp-block-spacer\"><\/div>\n<\/div><\/div>\n<\/div>\n<\/div>\n<\/div>\n<\/div>\n\n\n\n<div class=\"wp-block-group alignfull is-style-ext-preset--group--natural-1--section has-tertiary-background-color has-background has-global-padding is-layout-constrained wp-container-core-group-is-layout-e955bbaf wp-block-group-is-layout-constrained\" id=\"blog\" style=\"margin-top:0;margin-bottom:0;padding-top:var(--wp--preset--spacing--70);padding-bottom:var(--wp--preset--spacing--70)\">\n<div class=\"wp-block-group alignwide is-vertical is-layout-flex wp-container-core-group-is-layout-c35747d5 wp-block-group-is-layout-flex\">\n<div class=\"wp-block-group has-global-padding is-layout-constrained wp-container-core-group-is-layout-5e05634a wp-block-group-is-layout-constrained\">\n<h2 class=\"wp-block-heading\">vanroadtrips<\/h2>\n\n\n\n<p class=\"has-text-align-left\">Entdecke spannende Roadtrip-Berichte, praktische Tipps und wertvolle Infos, die dich bei deinem Van-Abenteuer begleiten und begeistern.<\/p>\n<\/div>\n<\/div>\n\n\n\n<div class=\"wp-block-buttons alignwide is-layout-flex wp-block-buttons-is-layout-flex\">\n<div class=\"wp-block-button is-style-ext-preset--button--natural-1--button-1 is-style-ext-preset--button--natural-1--button-1--6\"><a class=\"wp-block-button__link wp-element-button\" href=\"https:\/\/vanroadtrips.com\/en\/blog\/\">Zur Blog-Seite<\/a><\/div>\n<\/div>\n<\/div>\n\n\n\n<div class=\"wp-block-group alignfull is-style-ext-preset--group--natural-1--section has-background-background-color has-background has-global-padding is-layout-constrained wp-block-group-is-layout-constrained\" id=\"ueber-uns\" style=\"margin-top:0;margin-bottom:0;padding-top:var(--wp--preset--spacing--70);padding-bottom:var(--wp--preset--spacing--70)\">\n<div class=\"wp-block-columns alignwide are-vertically-aligned-center is-layout-flex wp-container-core-columns-is-layout-174606dc wp-block-columns-is-layout-flex\">\n<div class=\"wp-block-column is-vertically-aligned-center is-layout-flow wp-block-column-is-layout-flow\">\n<div class=\"wp-block-group alignwide is-vertical is-layout-flex wp-container-core-group-is-layout-c35747d5 wp-block-group-is-layout-flex\">\n<div class=\"wp-block-group has-global-padding is-layout-constrained wp-container-core-group-is-layout-dd32767c wp-block-group-is-layout-constrained\">\n<h2 class=\"wp-block-heading\">Top-Spots f\u00fcr unvergessliche VanRoadtrips<\/h2>\n\n\n\n<p>Entdecke unsere Leidenschaft f\u00fcr Vanlife: Wir teilen Tipps, Erlebnisse und Inspiration f\u00fcr unvergessliche Roadtrips mit unserem hei\u00df geliebten Kastenwagen &#8222;K\u00e4tter&#8220;. <\/p>\n<\/div>\n<\/div>\n<\/div>\n\n\n\n<div class=\"wp-block-column is-vertically-aligned-center is-layout-flow wp-block-column-is-layout-flow\">\n<figure class=\"wp-block-gallery has-nested-images columns-default is-cropped wp-block-gallery-9 is-layout-flex wp-block-gallery-is-layout-flex\">\n<figure class=\"wp-block-image size-large is-style-ext-preset--image--natural-1--image-1--content-left is-style-ext-preset--image--natural-1--image-1--content-left--8\"><img loading=\"lazy\" decoding=\"async\" width=\"1024\" height=\"768\" data-id=\"132\" src=\"https:\/\/vanroadtrips.com\/wp-content\/uploads\/2025\/12\/IMG_E6881-1024x768.jpg\" alt=\"\" class=\"wp-image-132\" style=\"object-fit:cover\" srcset=\"https:\/\/vanroadtrips.com\/wp-content\/uploads\/2025\/12\/IMG_E6881-1024x768.jpg 1024w, https:\/\/vanroadtrips.com\/wp-content\/uploads\/2025\/12\/IMG_E6881-300x225.jpg 300w, https:\/\/vanroadtrips.com\/wp-content\/uploads\/2025\/12\/IMG_E6881-768x576.jpg 768w, https:\/\/vanroadtrips.com\/wp-content\/uploads\/2025\/12\/IMG_E6881-1536x1152.jpg 1536w, https:\/\/vanroadtrips.com\/wp-content\/uploads\/2025\/12\/IMG_E6881-2048x1536.jpg 2048w\" sizes=\"auto, (max-width: 1024px) 100vw, 1024px\" \/><\/figure>\n<\/figure>\n<\/div>\n<\/div>\n<\/div>\n\n\n\n<div class=\"wp-block-group alignfull is-style-ext-preset--group--natural-1--section has-tertiary-background-color has-background has-global-padding is-layout-constrained wp-container-core-group-is-layout-f72f1611 wp-block-group-is-layout-constrained\" id=\"galerie\" style=\"margin-top:0;margin-bottom:0;padding-top:var(--wp--preset--spacing--70);padding-bottom:var(--wp--preset--spacing--70)\">\n<div class=\"wp-block-group alignwide is-vertical is-layout-flex wp-container-core-group-is-layout-c35747d5 wp-block-group-is-layout-flex\">\n<div class=\"wp-block-group has-global-padding is-layout-constrained wp-container-core-group-is-layout-5e05634a wp-block-group-is-layout-constrained\">\n<h2 class=\"wp-block-heading\">Erlebe die Freiheit auf abenteuerlichen VanRoadtrips<\/h2>\n\n\n\n<p class=\"has-text-align-left\">Wir lieben die Kombination von Fotografie und Reisen. Hier teilen wir beeindruckende Fotos, die das besondere Lebensgef\u00fchl beim Vanreisen einfangen.<\/p>\n<\/div>\n<\/div>\n\n\n\n<div class=\"wp-block-columns alignwide is-layout-flex wp-container-core-columns-is-layout-87beb0d0 wp-block-columns-is-layout-flex\">\n<div class=\"wp-block-column is-vertically-aligned-stretch is-layout-flow wp-container-core-column-is-layout-f5bb311e wp-block-column-is-layout-flow\" style=\"flex-basis:50%\">\n<div class=\"wp-block-cover is-style-ext-preset--image--natural-1--image-1--content-top is-style-ext-preset--image--natural-1--image-1--content-top--11\" style=\"padding-top:0;padding-bottom:0;min-height:100%;aspect-ratio:unset;\"><img loading=\"lazy\" decoding=\"async\" width=\"1024\" height=\"768\" class=\"wp-block-cover__image-background wp-image-173 size-large\" alt=\"\" src=\"https:\/\/vanroadtrips.com\/wp-content\/uploads\/2025\/12\/IMG_2262-1024x768.jpeg\" style=\"object-position:75% 60%\" data-object-fit=\"cover\" data-object-position=\"75% 60%\" srcset=\"https:\/\/vanroadtrips.com\/wp-content\/uploads\/2025\/12\/IMG_2262-1024x768.jpeg 1024w, https:\/\/vanroadtrips.com\/wp-content\/uploads\/2025\/12\/IMG_2262-300x225.jpeg 300w, https:\/\/vanroadtrips.com\/wp-content\/uploads\/2025\/12\/IMG_2262-768x576.jpeg 768w, https:\/\/vanroadtrips.com\/wp-content\/uploads\/2025\/12\/IMG_2262-1536x1152.jpeg 1536w, https:\/\/vanroadtrips.com\/wp-content\/uploads\/2025\/12\/IMG_2262-2048x1536.jpeg 2048w\" sizes=\"auto, (max-width: 1024px) 100vw, 1024px\" \/><span aria-hidden=\"true\" class=\"wp-block-cover__background has-background-dim-0 has-background-dim\" style=\"background-color:#926d51\"><\/span><div class=\"wp-block-cover__inner-container is-layout-flow wp-block-cover-is-layout-flow\">\n<div style=\"height:240px\" aria-hidden=\"true\" class=\"wp-block-spacer\"><\/div>\n<\/div><\/div>\n<\/div>\n\n\n\n<div class=\"wp-block-column is-vertically-aligned-top is-layout-flow wp-container-core-column-is-layout-f5bb311e wp-block-column-is-layout-flow\">\n<figure class=\"wp-block-gallery has-nested-images columns-default is-cropped wp-block-gallery-13 is-layout-flex wp-block-gallery-is-layout-flex\">\n<figure class=\"wp-block-image size-large is-style-ext-preset--image--natural-1--image-1--content-top is-style-ext-preset--image--natural-1--image-1--content-top--12\"><img loading=\"lazy\" decoding=\"async\" width=\"1024\" height=\"768\" data-id=\"190\" src=\"https:\/\/vanroadtrips.com\/wp-content\/uploads\/2025\/12\/IMG_6651-1024x768.jpg\" alt=\"\" class=\"wp-image-190\" style=\"object-fit:cover\" srcset=\"https:\/\/vanroadtrips.com\/wp-content\/uploads\/2025\/12\/IMG_6651-1024x768.jpg 1024w, https:\/\/vanroadtrips.com\/wp-content\/uploads\/2025\/12\/IMG_6651-300x225.jpg 300w, https:\/\/vanroadtrips.com\/wp-content\/uploads\/2025\/12\/IMG_6651-768x576.jpg 768w, https:\/\/vanroadtrips.com\/wp-content\/uploads\/2025\/12\/IMG_6651-1536x1152.jpg 1536w, https:\/\/vanroadtrips.com\/wp-content\/uploads\/2025\/12\/IMG_6651-2048x1536.jpg 2048w\" sizes=\"auto, (max-width: 1024px) 100vw, 1024px\" \/><\/figure>\n<\/figure>\n\n\n\n<figure class=\"wp-block-image size-large is-style-ext-preset--image--natural-1--image-1--content-top is-style-ext-preset--image--natural-1--image-1--content-top--14\"><img loading=\"lazy\" decoding=\"async\" width=\"1024\" height=\"768\" src=\"https:\/\/vanroadtrips.com\/wp-content\/uploads\/2025\/12\/IMG_E8977-1024x768.jpg\" alt=\"\" class=\"wp-image-144\" style=\"aspect-ratio:1;object-fit:cover\" srcset=\"https:\/\/vanroadtrips.com\/wp-content\/uploads\/2025\/12\/IMG_E8977-1024x768.jpg 1024w, https:\/\/vanroadtrips.com\/wp-content\/uploads\/2025\/12\/IMG_E8977-300x225.jpg 300w, https:\/\/vanroadtrips.com\/wp-content\/uploads\/2025\/12\/IMG_E8977-768x576.jpg 768w, https:\/\/vanroadtrips.com\/wp-content\/uploads\/2025\/12\/IMG_E8977-1536x1152.jpg 1536w, https:\/\/vanroadtrips.com\/wp-content\/uploads\/2025\/12\/IMG_E8977-2048x1536.jpg 2048w\" sizes=\"auto, (max-width: 1024px) 100vw, 1024px\" \/><\/figure>\n<\/div>\n<\/div>\n<\/div>\n\n\n\n<div class=\"wp-block-group alignfull is-style-ext-preset--group--natural-1--section has-tertiary-background-color has-background has-global-padding is-layout-constrained wp-block-group-is-layout-constrained\" id=\"kontakt\" style=\"margin-top:0;margin-bottom:0;padding-top:var(--wp--preset--spacing--70);padding-bottom:var(--wp--preset--spacing--70)\">\n<figure class=\"wp-block-image alignwide size-large is-style-default\" style=\"margin-top:0;margin-right:0;margin-bottom:0;margin-left:0\"><img loading=\"lazy\" decoding=\"async\" width=\"1024\" height=\"752\" src=\"https:\/\/vanroadtrips.com\/wp-content\/uploads\/2025\/12\/IMG_E2843-1024x752.jpg\" alt=\"Avallon in Burgund\" class=\"wp-image-370\" srcset=\"https:\/\/vanroadtrips.com\/wp-content\/uploads\/2025\/12\/IMG_E2843-1024x752.jpg 1024w, https:\/\/vanroadtrips.com\/wp-content\/uploads\/2025\/12\/IMG_E2843-300x220.jpg 300w, https:\/\/vanroadtrips.com\/wp-content\/uploads\/2025\/12\/IMG_E2843-768x564.jpg 768w, https:\/\/vanroadtrips.com\/wp-content\/uploads\/2025\/12\/IMG_E2843-1536x1128.jpg 1536w, https:\/\/vanroadtrips.com\/wp-content\/uploads\/2025\/12\/IMG_E2843-2048x1504.jpg 2048w\" sizes=\"auto, (max-width: 1024px) 100vw, 1024px\" \/><figcaption class=\"wp-element-caption\">Herbststimmung in Avallon, Burgund \/ Frankreich<\/figcaption><\/figure>\n<\/div>","protected":false},"excerpt":{"rendered":"<p>Faszination Vanlife: Tipps f\u00fcr VanRoadtrips Vanlife ohne Filter: Ingo &amp; Karin unterwegs \u2013 Pannen, Pl\u00e4tze &amp; pure Freiheit. Entdecke mit uns, Vanroadtrips, spannende Erlebnisse und praktische Tipps, die dir unvergessliche Abenteuer erm\u00f6glichen und deine Reise einzigartig machen. vanroadtrips Entdecke spannende Roadtrip-Berichte, praktische Tipps und wertvolle Infos, die dich bei deinem Van-Abenteuer begleiten und begeistern. Top-Spots [&hellip;]<\/p>\n","protected":false},"author":1,"featured_media":141,"parent":0,"menu_order":0,"comment_status":"closed","ping_status":"closed","template":"no-title","meta":{"footnotes":""},"class_list":["post-26","page","type-page","status-publish","has-post-thumbnail","hentry"],"_links":{"self":[{"href":"https:\/\/vanroadtrips.com\/en\/wp-json\/wp\/v2\/pages\/26","targetHints":{"allow":["GET"]}}],"collection":[{"href":"https:\/\/vanroadtrips.com\/en\/wp-json\/wp\/v2\/pages"}],"about":[{"href":"https:\/\/vanroadtrips.com\/en\/wp-json\/wp\/v2\/types\/page"}],"author":[{"embeddable":true,"href":"https:\/\/vanroadtrips.com\/en\/wp-json\/wp\/v2\/users\/1"}],"replies":[{"embeddable":true,"href":"https:\/\/vanroadtrips.com\/en\/wp-json\/wp\/v2\/comments?post=26"}],"version-history":[{"count":131,"href":"https:\/\/vanroadtrips.com\/en\/wp-json\/wp\/v2\/pages\/26\/revisions"}],"predecessor-version":[{"id":3155,"href":"https:\/\/vanroadtrips.com\/en\/wp-json\/wp\/v2\/pages\/26\/revisions\/3155"}],"wp:featuredmedia":[{"embeddable":true,"href":"https:\/\/vanroadtrips.com\/en\/wp-json\/wp\/v2\/media\/141"}],"wp:attachment":[{"href":"https:\/\/vanroadtrips.com\/en\/wp-json\/wp\/v2\/media?parent=26"}],"curies":[{"name":"wp","href":"https:\/\/api.w.org\/{rel}","templated":true}]}}