{"id":4136,"date":"2025-12-11T14:08:00","date_gmt":"2025-12-11T14:08:00","guid":{"rendered":"https:\/\/vanroadtrips.com\/?page_id=4136"},"modified":"2026-01-13T18:20:27","modified_gmt":"2026-01-13T18:20:27","slug":"dankeschoen","status":"publish","type":"page","link":"https:\/\/vanroadtrips.com\/en\/dankeschoen\/","title":{"rendered":"Dankesch\u00f6n"},"content":{"rendered":"<div class=\"wp-block-group alignfull is-style-ext-preset--group--natural-1--section has-background-background-color has-background is-nowrap is-layout-flex wp-container-core-group-is-layout-ed9de7f5 wp-block-group-is-layout-flex\" style=\"margin-top:0;margin-bottom:0;padding-top:var(--wp--preset--spacing--70);padding-bottom:var(--wp--preset--spacing--70)\">\n<div class=\"wp-block-group alignwide is-vertical is-content-justification-center is-layout-flex wp-container-core-group-is-layout-c9ee0c5a wp-block-group-is-layout-flex\">\n<figure class=\"wp-block-image size-large wp-duotone-primary-foreground\"><img decoding=\"async\" src=\"data:image\/svg+xml;base64,PHN2ZyB4bWxucz0iaHR0cDovL3d3dy53My5vcmcvMjAwMC9zdmciIHdpZHRoPSI2NCIgaGVpZ2h0PSI2NCIgZmlsbD0iIzAwMDAwMCIgdmlld0JveD0iMCAwIDI1NiAyNTYiPjxwYXRoIGQ9Ik0xNzMuNjYsOTguMzRhOCw4LDAsMCwxLDAsMTEuMzJsLTU2LDU2YTgsOCwwLDAsMS0xMS4zMiwwbC0yNC0yNGE4LDgsMCwwLDEsMTEuMzItMTEuMzJMMTEyLDE0OC42OWw1MC4zNC01MC4zNUE4LDgsMCwwLDEsMTczLjY2LDk4LjM0Wk0yMzIsMTI4QTEwNCwxMDQsMCwxLDEsMTI4LDI0LDEwNC4xMSwxMDQuMTEsMCwwLDEsMjMyLDEyOFptLTE2LDBhODgsODgsMCwxLDAtODgsODhBODguMSw4OC4xLDAsMCwwLDIxNiwxMjhaIj48L3BhdGg+PC9zdmc+\" alt=\"\"\/><\/figure>\n\n\n\n<h3 class=\"wp-block-heading\">Gemeinsam auf Reisen: Ein herzliches Dankesch\u00f6n!<\/h3>\n\n\n\n<p class=\"has-text-align-center\">Vanroadtrips versteht sich als ein lebendiges \u00d6kosystem aus Inspiration und Vertrauen. F\u00fcr uns, Ingo und Karin, steht fest: Ein solches Projekt entfaltet seine volle Kraft erst durch die Zusammenarbeit und wertvolle zwischenmenschliche Begegnungen.<\/p>\n\n\n\n<p class=\"has-text-align-center\">Hinter jeder unserer Reisen starke Partner, kreative Impulsgeber und langj\u00e4hrige Freunde, die uns unterst\u00fctzen und f\u00f6rdern. Vor allem aber ist es unsere Familie, die uns best\u00e4rkt, uns den R\u00fccken freih\u00e4lt und dieses Abenteuer mit unserem Kastenwagen K\u00e4tter mittr\u00e4gt. Es ist dieses positive Netzwerk aus verl\u00e4sslichen Wegbegleitern und dem privaten R\u00fcckhalt, das unseren Content bereichert und die Umsetzung vieler Geschichten \u00fcberhaupt erst realisierbar macht. <\/p>\n\n\n\n<hr class=\"wp-block-separator has-alpha-channel-opacity\"\/>\n\n\n\n<h3 class=\"wp-block-heading\">Unsere Partner &amp; Unterst\u00fctzer<\/h3>\n\n\n\n<ul class=\"wp-block-list\">\n<li><strong>Kultur &amp; Geschichte:<\/strong> Ein besonderer Dank gilt <strong>Andreas Wei\u00df<\/strong> (Leiter des Markgr\u00e4fler Museums, M\u00fcllheim). <\/li>\n\n\n\n<li><strong>Kultur &amp; Geschichte:<\/strong> Der <strong>Gesch\u00e4ftsf\u00fchrung des Erwin Hymer Museums<\/strong> in Bad Waldsee f\u00fcr das Vertrauen und die Genehmigungen, ihre Sch\u00e4tze mit unserer Community zu teilen.<\/li>\n\n\n\n<li><strong>Kunst &amp; Inspiration:<\/strong> Danke an den K\u00fcnstler <strong>Roland Lindner<\/strong> f\u00fcr sein Vertrauen in unsere Arbeit.<\/li>\n\n\n\n<li><strong>Geheimtipps &amp; Kulinarik:<\/strong> Danke an <strong>Henry Kresse<\/strong> f\u00fcr die besten Restaurant- und Wursttipps \u2013 solche Insights machen jeden Roadtrip besser!<\/li>\n\n\n\n<li><strong>Begegnungen &amp; Lebensfreude:<\/strong> Ein ganz pers\u00f6nlicher Gru\u00df an <strong>Rosi &amp; Tilo<\/strong> aus Bad D\u00fcrrheim. Danke f\u00fcr das lustige Silvester und die gute Zeit!<\/li>\n\n\n\n<li><strong>Begegnungen &amp; Lebensfreude:<\/strong> Beatrix Wood vom <a href=\"https:\/\/www.facebook.com\/profile.php?id=61575222465224\" data-type=\"link\" data-id=\"https:\/\/www.facebook.com\/profile.php?id=61575222465224\">Burnside of AE Glamping<\/a> in Dumfries <\/li>\n\n\n\n<li>Ein herzliches Dankesch\u00f6n an <strong>Knaus Tabbert<\/strong> f\u00fcr den freundlichen Austausch. Da wir die rechtliche Seite \u2013 wie die Darstellung des Logos auf unseren Fotos \u2013 gekl\u00e4rt haben, k\u00f6nnen wir nun mit gutem Gewissen und voller Freude von unseren Erlebnissen mit unserer <strong>K\u00e4tter<\/strong> berichten. Wir freuen uns, die Touren mit unserem Kastenwagen hier weiterhin so authentisch mit euch zu teilen<\/li>\n<\/ul>\n\n\n\n<figure class=\"wp-block-image size-thumbnail has-custom-border is-style-default\" style=\"margin-top:0;margin-right:0;margin-bottom:0;margin-left:0\"><img loading=\"lazy\" decoding=\"async\" width=\"150\" height=\"150\" src=\"https:\/\/vanroadtrips.com\/wp-content\/uploads\/2025\/12\/cropped-Logo_VT-_jpg-150x150.jpg\" alt=\"\" class=\"wp-image-95\" style=\"border-style:none;border-width:0px;border-top-left-radius:0px;border-top-right-radius:0px;border-bottom-left-radius:0px;border-bottom-right-radius:0px\" srcset=\"https:\/\/vanroadtrips.com\/wp-content\/uploads\/2025\/12\/cropped-Logo_VT-_jpg-150x150.jpg 150w, https:\/\/vanroadtrips.com\/wp-content\/uploads\/2025\/12\/cropped-Logo_VT-_jpg-300x300.jpg 300w, https:\/\/vanroadtrips.com\/wp-content\/uploads\/2025\/12\/cropped-Logo_VT-_jpg-270x270.jpg 270w, https:\/\/vanroadtrips.com\/wp-content\/uploads\/2025\/12\/cropped-Logo_VT-_jpg-192x192.jpg 192w, https:\/\/vanroadtrips.com\/wp-content\/uploads\/2025\/12\/cropped-Logo_VT-_jpg-180x180.jpg 180w, https:\/\/vanroadtrips.com\/wp-content\/uploads\/2025\/12\/cropped-Logo_VT-_jpg-32x32.jpg 32w, https:\/\/vanroadtrips.com\/wp-content\/uploads\/2025\/12\/cropped-Logo_VT-_jpg.jpg 512w\" sizes=\"auto, (max-width: 150px) 100vw, 150px\" \/><\/figure>\n\n\n\n<h3 class=\"wp-block-heading\">Warum diese Unterst\u00fctzung so wichtig ist<\/h3>\n\n\n\n<p>Durch diesen R\u00fcckhalt k\u00f6nnen wir authentische Inhalte erstellen und die Faszination &#8222;Vanlife &amp; Roadtrips&#8220; greifbar machen. <\/p>\n\n\n\n<p><strong>Danke, dass Sie Teil unserer Reise sind! &#8211; und auch die vier Fellnasen freuen sich. <\/strong><\/p>\n\n\n\n<hr class=\"wp-block-separator has-alpha-channel-opacity\"\/>\n\n\n\n<figure class=\"wp-block-image size-large\"><img loading=\"lazy\" decoding=\"async\" width=\"1024\" height=\"353\" src=\"https:\/\/vanroadtrips.com\/wp-content\/uploads\/2026\/01\/Vieh-4x-1024x353.webp\" alt=\"Vier niedliche Comic-Tiere nebeneinander: Angus, ein zotteliges Hochlandrind, Fiona, ein wei\u00dfes Schaf mit dunklem Gesicht, B\u00e4rbel, ein Teddyb\u00e4r mit rosa Schleife und Wuff, ein Hund mit Schottenm\u00fctze und Z\u00f6pfen.\" class=\"wp-image-5027\" srcset=\"https:\/\/vanroadtrips.com\/wp-content\/uploads\/2026\/01\/Vieh-4x-1024x353.webp 1024w, https:\/\/vanroadtrips.com\/wp-content\/uploads\/2026\/01\/Vieh-4x-300x104.webp 300w, https:\/\/vanroadtrips.com\/wp-content\/uploads\/2026\/01\/Vieh-4x-768x265.webp 768w, https:\/\/vanroadtrips.com\/wp-content\/uploads\/2026\/01\/Vieh-4x-1536x530.webp 1536w, https:\/\/vanroadtrips.com\/wp-content\/uploads\/2026\/01\/Vieh-4x-18x6.webp 18w, https:\/\/vanroadtrips.com\/wp-content\/uploads\/2026\/01\/Vieh-4x.webp 1660w\" sizes=\"auto, (max-width: 1024px) 100vw, 1024px\" \/><\/figure>\n<\/div>\n<\/div>","protected":false},"excerpt":{"rendered":"<p>Gemeinsam auf Reisen: Ein herzliches Dankesch\u00f6n! Vanroadtrips versteht sich als ein lebendiges \u00d6kosystem aus Inspiration und Vertrauen. F\u00fcr uns, Ingo und Karin, steht fest: Ein solches Projekt entfaltet seine volle Kraft erst durch die Zusammenarbeit und wertvolle zwischenmenschliche Begegnungen. Hinter jeder unserer Reisen starke Partner, kreative Impulsgeber und langj\u00e4hrige Freunde, die uns unterst\u00fctzen und f\u00f6rdern. [&hellip;]<\/p>\n","protected":false},"author":1,"featured_media":0,"parent":0,"menu_order":0,"comment_status":"closed","ping_status":"closed","template":"page-with-title","meta":{"footnotes":""},"class_list":["post-4136","page","type-page","status-publish","hentry"],"_links":{"self":[{"href":"https:\/\/vanroadtrips.com\/en\/wp-json\/wp\/v2\/pages\/4136","targetHints":{"allow":["GET"]}}],"collection":[{"href":"https:\/\/vanroadtrips.com\/en\/wp-json\/wp\/v2\/pages"}],"about":[{"href":"https:\/\/vanroadtrips.com\/en\/wp-json\/wp\/v2\/types\/page"}],"author":[{"embeddable":true,"href":"https:\/\/vanroadtrips.com\/en\/wp-json\/wp\/v2\/users\/1"}],"replies":[{"embeddable":true,"href":"https:\/\/vanroadtrips.com\/en\/wp-json\/wp\/v2\/comments?post=4136"}],"version-history":[{"count":161,"href":"https:\/\/vanroadtrips.com\/en\/wp-json\/wp\/v2\/pages\/4136\/revisions"}],"predecessor-version":[{"id":6657,"href":"https:\/\/vanroadtrips.com\/en\/wp-json\/wp\/v2\/pages\/4136\/revisions\/6657"}],"wp:attachment":[{"href":"https:\/\/vanroadtrips.com\/en\/wp-json\/wp\/v2\/media?parent=4136"}],"curies":[{"name":"wp","href":"https:\/\/api.w.org\/{rel}","templated":true}]}}