{"id":5509,"date":"2025-12-11T14:05:00","date_gmt":"2025-12-11T14:05:00","guid":{"rendered":"https:\/\/vanroadtrips.com\/?page_id=5509"},"modified":"2026-03-14T21:00:24","modified_gmt":"2026-03-14T21:00:24","slug":"inhalt","status":"publish","type":"page","link":"https:\/\/vanroadtrips.com\/en\/inhalt\/","title":{"rendered":"Inhaltsverzeichnis"},"content":{"rendered":"<div class=\"wp-block-group alignfull is-style-ext-preset--group--natural-1--section has-background-background-color has-background has-global-padding is-layout-constrained wp-container-core-group-is-layout-e955bbaf wp-block-group-is-layout-constrained\" style=\"margin-top:0;margin-bottom:0;padding-top:var(--wp--preset--spacing--70);padding-bottom:var(--wp--preset--spacing--70)\">\n<h1 class=\"wp-block-heading\">Vom ersten Kilometer an: Alle Abenteuer in der \u00dcbersicht<\/h1>\n\n\n\n<div class=\"wp-block-media-text has-media-on-the-right is-stacked-on-mobile\"><div class=\"wp-block-media-text__content\">\n<h2 class=\"wp-block-heading has-text-align-left\">Inspirierende Roadtrips-Geschichten entdecken <strong><strong><strong>\u2193<\/strong>\u2193\u2193<strong>\u2193<\/strong>\u2193\u2193<strong>\u2193<\/strong>\u2193\u2193<\/strong><\/strong><\/h2>\n<\/div><figure class=\"wp-block-media-text__media\"><img loading=\"lazy\" decoding=\"async\" width=\"823\" height=\"622\" src=\"https:\/\/vanroadtrips.com\/wp-content\/uploads\/2026\/01\/z_-Kaetter.webp\" alt=\"Abenteuer erleben mit Vanroadtrips\" class=\"wp-image-5759 size-full\" srcset=\"https:\/\/vanroadtrips.com\/wp-content\/uploads\/2026\/01\/z_-Kaetter.webp 823w, https:\/\/vanroadtrips.com\/wp-content\/uploads\/2026\/01\/z_-Kaetter-300x227.webp 300w, https:\/\/vanroadtrips.com\/wp-content\/uploads\/2026\/01\/z_-Kaetter-768x580.webp 768w, https:\/\/vanroadtrips.com\/wp-content\/uploads\/2026\/01\/z_-Kaetter-16x12.webp 16w\" sizes=\"auto, (max-width: 823px) 100vw, 823px\" \/><\/figure><\/div>\n\n\n\n<ul class=\"wp-block-list\">\n<li>20260101 <a href=\"https:\/\/vanroadtrips.com\/en\/frost-experiment\/\">K\u00e4tter im K\u00e4lteschock: Unser (un)freiwilliges Frost-Experiment<\/a><\/li>\n\n\n\n<li><\/li>\n\n\n\n<li>20251214 <a href=\"https:\/\/vanroadtrips.com\/en\/hymer-museum\/\">Willkommen im Mekka der mobilen Freiheit<\/a> im (Erwin-Hymer-Museum)<\/li>\n\n\n\n<li><\/li>\n\n\n\n<li>20251209 <a href=\"https:\/\/vanroadtrips.com\/en\/wohnmobil-bad-waldsee\/\">Mit dem Wohnmobil nach Bad Waldsee \u2013 Ein Reiseabenteuer im Herzen Oberschwabens<\/a><\/li>\n<\/ul>\n\n\n\n<h3 class=\"wp-block-heading\">\u2191\u2191\u2191 Aktuelle Beitr\u00e4ge \u2191\u2191\u2191<\/h3>\n\n\n\n<hr class=\"wp-block-separator has-alpha-channel-opacity\"\/>\n\n\n\n<ul class=\"wp-block-list\">\n<li>20250912 <strong><strong><strong>\u2193<\/strong>\u2193\u2193<\/strong><\/strong> SCHOTTLAND-TRIP <strong><strong><strong>\u2193<\/strong>\u2193\u2193<\/strong><\/strong> wir im aktuell gef\u00fcllt! Schaut immer mal wieder rein \ud83d\ude42<\/li>\n\n\n\n<li>\n<ul class=\"wp-block-list\">\n<li>20251005 Schottland-Trip:<\/li>\n\n\n\n<li><\/li>\n\n\n\n<li>20251004 Schottland-Trip:<\/li>\n\n\n\n<li><\/li>\n\n\n\n<li>20251003 Schottland-Trip:<\/li>\n\n\n\n<li><\/li>\n\n\n\n<li>20251002 Schottland-Trip:<\/li>\n\n\n\n<li><\/li>\n\n\n\n<li>20251001 Schottland-Trip:<\/li>\n\n\n\n<li><\/li>\n\n\n\n<li>20250930 Schottland-Trip: <a href=\"https:\/\/vanroadtrips.com\/en\/die-kelpies-falkirk-schottland-giganten-aus-stahl\/\">Die Kelpies in Falkirk: Schottlands mystische Pferde-Giganten aus Stahl<\/a><\/li>\n\n\n\n<li><\/li>\n\n\n\n<li>20250930 Schottland-Trip: <a href=\"https:\/\/vanroadtrips.com\/en\/falkirk-wheel-schiffshebewerk-schottland-technik\/\">Falkirk Wheel \u2013 das einzigartige Schiffshebewerk in Schottland<\/a><\/li>\n\n\n\n<li><\/li>\n\n\n\n<li>20250930 Schottland-Trip: <a href=\"https:\/\/vanroadtrips.com\/en\/wallace-monument-stirling-helden-treppen-trauma\/\">Das Wallace Monument Stirling \u2013 ein Turm f\u00fcr echte Helden<\/a><\/li>\n\n\n\n<li><\/li>\n\n\n\n<li>20250929 Schottland-Trip: <a href=\"https:\/\/vanroadtrips.com\/en\/fairy-glen-rosemarkie-black-isle-culloden\/\">Fairy Glen Rosemarkie &amp; Culloden: Zwischen Feenzauber und schottischer Geschichte<\/a><\/li>\n\n\n\n<li><\/li>\n\n\n\n<li>20250929 Schottland-Trip: <a href=\"https:\/\/vanroadtrips.com\/en\/schottland-delfine-chanonry-point-brahan-seer\/\">Delfine beobachten am Chanonry Point, Propheten und das Morgenlicht des Nordens<\/a><\/li>\n\n\n\n<li><\/li>\n\n\n\n<li>20250928 Schottland-Trip: <a href=\"https:\/\/vanroadtrips.com\/en\/fortrose-cathedral-rosemarkie-camping-tipp\/\">Schottland Roadtrip: Von Schw\u00e4rmen, schiefen Steinen und einem Erbe der Highlands in der Ruine Fortrose Cathedral<\/a><\/li>\n\n\n\n<li><\/li>\n\n\n\n<li>20250928 Schottland-Trip: <a href=\"https:\/\/vanroadtrips.com\/en\/dunrobin-castle-schottland-schwarzwaelder-kuckucksuhr\/\">Dunrobin Castle in Schottland: Ein M\u00e4rchenschloss mit Schwarzw\u00e4lder \u00dcberraschung<\/a><\/li>\n\n\n\n<li><\/li>\n\n\n\n<li>20250928 Schottland-Trip: <a href=\"https:\/\/vanroadtrips.com\/en\/zwischen-seehunden-und-schlossruinen-panzertape-sutherland\/\">Zwischen Seehunden und Schlossruinen: Warum Panzertape in Sutherland unser bester Freund wurde<\/a><\/li>\n\n\n\n<li><\/li>\n\n\n\n<li>20250927 Schottland-Trip: <a href=\"https:\/\/vanroadtrips.com\/en\/grey-cairns-of-camster-caithness-und-golspie-inn\/\">Grey Cairns of Camster &amp; Golspie: Uralte Megalithen und schottische Gastfreundschaft<\/a><\/li>\n\n\n\n<li><\/li>\n\n\n\n<li>20250926 Schottland-Trip: <a href=\"https:\/\/vanroadtrips.com\/en\/roadtrip-schottland-duncansby-stacks-old-castle-wick\/\">Schottland Roadtrip: Von den Duncansby Stacks bis zum \u201eOld Man of Wick<\/a><\/li>\n\n\n\n<li><\/li>\n\n\n\n<li>20250926 Schottland-Trip: <a href=\"https:\/\/vanroadtrips.com\/en\/klimawandel-schottland-highlands-fischerei-camper-tipps\/\">Klimawandel in Schottland: Bedrohung f\u00fcr Highlands, Inseln und Traditionen<\/a><\/li>\n\n\n\n<li><\/li>\n\n\n\n<li>20250926 Schottland-Trip: <a href=\"https:\/\/vanroadtrips.com\/en\/john-o-groats-vanlife-weihnachtsshop-paddington\/\"><\/a><a href=\"https:\/\/vanroadtrips.com\/en\/john-o-groats-vanlife-weihnachtsshop-paddington\/\">Pipi-Panik und Pippi: Unser bunter Wahnsinn in John oGroats<\/a><\/li>\n\n\n\n<li><\/li>\n\n\n\n<li>20250925 Schottland-Trip: <a href=\"https:\/\/vanroadtrips.com\/en\/st-marys-crosskirk-caithness-ruine\/\">Zeitreise an der Nordk\u00fcste: Die Geheimnisse der St. Mary\u2019s Crosskirk und Dunnet Head<\/a><\/li>\n\n\n\n<li><\/li>\n\n\n\n<li>20250925 Schottland-Trip: <a href=\"https:\/\/vanroadtrips.com\/en\/nc500-roadtrip-schottland-sango-bay-loch-eriboll\/\">NC500 Abenteuer: Von der Sango Bay \u00fcber Loch Eriboll und keltische Kreuze bis nach Melvich<\/a><\/li>\n\n\n\n<li><\/li>\n\n\n\n<li>20250924 Schottland-Trip: <a href=\"https:\/\/vanroadtrips.com\/en\/uebernachtung-durness-sango-bay-pies\/\">Durness: Schotten-Pie statt Fish &amp; Chips: Kulinarik am Abgrund<\/a><\/li>\n\n\n\n<li><\/li>\n\n\n\n<li>20250924 Schottland-Trip: <a href=\"https:\/\/vanroadtrips.com\/en\/schottland-roadtrip-smoo-cave-durness-machair\/\">Smoo Cave Durness: Steiler Abstieg in die Unterwelt &amp; Wandern wie auf Wolken<\/a><\/li>\n\n\n\n<li><\/li>\n\n\n\n<li>20250924 Schottland-Trip: <a href=\"https:\/\/vanroadtrips.com\/en\/ardvreck-castle-loch-assynt-legenden-fotostopps\/\">Ardvreck Castle &amp; Loch Assynt: Von Meerjungfrauen-Legenden und dem Highland-Fotorausch<\/a><\/li>\n\n\n\n<li><\/li>\n\n\n\n<li>20250924 Schottland-Trip: <a href=\"https:\/\/vanroadtrips.com\/en\/faehre-stornoway-ullapool-delfine-calda-house\/\">F\u00e4hre Stornoway\u2013Ullapool: Wildlife-Highlight mit Common Dolphins und das teuflische Calda House<\/a><\/li>\n\n\n\n<li><\/li>\n\n\n\n<li>20250923 Schottland-Trip: <a href=\"https:\/\/vanroadtrips.com\/en\/schottland-roadtrip-spartipps-stornoway\/\">Abschied von Lewis: Der ultimative Tesco-Spar-Trick &amp; letzte Nacht in Stornoway<\/a><\/li>\n\n\n\n<li><\/li>\n\n\n\n<li>20250923 Schottland-Trip: <a href=\"https:\/\/vanroadtrips.com\/en\/isle-of-lewis-roadtrip-seehunde-eoropaidh\/\">Proviant, Panorama und Paddelpfoten: Unser Abenteuer im Norden von Lewis<\/a><\/li>\n\n\n\n<li><\/li>\n\n\n\n<li>20250923 Schottland-Trip: <a href=\"https:\/\/vanroadtrips.com\/en\/roadtrip-aeussere-hebriden-butt-of-lewis\/\">Roadtrip \u00c4u\u00dfere Hebriden: Wilde Klippen und See-Hunde am Butt of Lewis<\/a><\/li>\n\n\n\n<li><\/li>\n\n\n\n<li>20250922 Schottland-Trip: <a href=\"https:\/\/vanroadtrips.com\/en\/na-gearrannan-blackhouse-village-lewis\/\">Na Gearrannan Blackhouse Village: Echo der Vergangenheit, in das raue Herz der Isle of Lewis<\/a><\/li>\n\n\n\n<li><\/li>\n\n\n\n<li>20250922 Schottland-Trip: <a href=\"https:\/\/vanroadtrips.com\/en\/lewis-broch-dun-carloway-pikten\/\">Dun Carloway Broch: Ein piktisches Meisterwerk auf der Isle of Lewis<\/a><\/li>\n\n\n\n<li><\/li>\n\n\n\n<li>20250921 Schottland-Trip: <a href=\"https:\/\/vanroadtrips.com\/en\/callanish-standing-stones-spirituelles-mabon-ritual-am-steinkreis-der-hebriden\/\"><\/a><a href=\"https:\/\/vanroadtrips.com\/en\/callanish-standing-stones-mabon-ritual-hebriden\/\">Callanish Standing Stones: spirituelles Mabon-Ritual am Steinkreis der Hebriden<\/a><\/li>\n\n\n\n<li><\/li>\n\n\n\n<li>20250921 Schottland-Trip: <a href=\"https:\/\/vanroadtrips.com\/en\/callanish-stones-highland-cattles\/\">Magisches Callanish III: Wenn Highland Cattles den Steinkreis erobern<\/a><\/li>\n\n\n\n<li><\/li>\n\n\n\n<li>20250921 Schottland-Trip: <a href=\"https:\/\/vanroadtrips.com\/en\/geburtstag-callanish-eisenzeithaus-harris\/\">Isle of Harris Roadtrip: Von Steinkreisen, H\u00e4usern der Pikten und Highland-Cattles<\/a><\/li>\n\n\n\n<li><\/li>\n\n\n\n<li>20250920 Schottland-Trip: <a href=\"https:\/\/vanroadtrips.com\/en\/roadtrip-isle-of-harris-von-adlern-maerchenschloessern-und-der-niedlichsten-strassensperre-der-welt\/\"><\/a><a href=\"https:\/\/vanroadtrips.com\/en\/roadtrip-harris-schloss-kuh-blockade\/\">Roadtrip Isle of Harris: Von Adlern, M\u00e4rchenschl\u00f6ssern und der niedlichsten Stra\u00dfensperre der Welt<\/a><\/li>\n\n\n\n<li><\/li>\n\n\n\n<li>20250920 Schottland-Trip: <a href=\"https:\/\/vanroadtrips.com\/en\/katter-unterwegs-st-clements-church-harris-rodel\/\">Geheimtipp auf Harris: Die mystische St. Clements Church in Rodel \u2013 Ein Roadtrip-Highlight<\/a><\/li>\n\n\n\n<li><\/li>\n\n\n\n<li>20250920 Schottland-Trip: <a href=\"https:\/\/vanroadtrips.com\/en\/isle-of-harris-luskentyre-seilebost-roadtrip\/\">Isle of Harris: Warum Luskentyre Beach der sch\u00f6nste Strand Schottlands ist<\/a><\/li>\n\n\n\n<li><\/li>\n\n\n\n<li>20250919 Schottland-Trip: <a href=\"https:\/\/vanroadtrips.com\/en\/auf-die-aeusseren-hebriden-ohne-rueckfahrticket\/\">Auf die \u00c4u\u00dferen Hebriden: Mit der F\u00e4hre nach Harris \u2013 ohne R\u00fcckfahrticket<\/a><\/li>\n\n\n\n<li><\/li>\n\n\n\n<li>20250919 Schottland-Trip: <a href=\"https:\/\/vanroadtrips.com\/en\/fairy-glen-skye-kastenwagen\/\">Das zauberhafte Fairy Glen bei Uig: Wo die Zeit stillsteht<\/a><\/li>\n\n\n\n<li><\/li>\n\n\n\n<li>20250918 Schottland-Trip: <a href=\"https:\/\/vanroadtrips.com\/en\/skye-roadtrip-sligachan-portree-uig\/\">Skye: \u00dcber die Sligachan Bridge und Portree bis nach Uig<\/a><\/li>\n\n\n\n<li><\/li>\n\n\n\n<li>20250918 Schottland-Trip: <a href=\"https:\/\/vanroadtrips.com\/en\/eilean-donan-castle-vanlife-schottland\/\">Von Sturmn\u00e4chten und Schlossromantik auf dem Tor zur Insel Skye<\/a><\/li>\n\n\n\n<li><\/li>\n\n\n\n<li>20250918 Schottland-Trip: <a href=\"https:\/\/vanroadtrips.com\/en\/fort-william-neptunes-staircase-commando-memorial-ben-nevis\/\">Fort William &amp; Loch Cluanie: Roadtrip zur Neptune\u2019s Staircase, dem Commando Memorial und Ben Nevis<\/a><\/li>\n\n\n\n<li><\/li>\n\n\n\n<li>20250917 Schottland-Trip: <a href=\"https:\/\/vanroadtrips.com\/en\/schottland-roadtrip-glencoe-three-sisters\/\"><\/a><a href=\"https:\/\/vanroadtrips.com\/en\/schottland-roadtrip-glencoe-three-sisters\/\">Schottland Roadtrip: Glencoe &amp; die Three Sisters \u2013 im Tal der Giganten<\/a><\/li>\n\n\n\n<li><\/li>\n\n\n\n<li>20250917 Schottland-Trip: <a href=\"https:\/\/vanroadtrips.com\/en\/highland-titles\/\">Highland Titles: Warmes Porridge und der Weg zum eigenen \u201eGrundst\u00fcck\u201c<\/a><\/li>\n\n\n\n<li><\/li>\n\n\n\n<li>20250916 Schottland-Trip: <a href=\"https:\/\/vanroadtrips.com\/en\/oban-connel-loch-linnhe\/\">Verwirrung an der Connel Bridge und Meeresbrise in Oban<\/a><\/li>\n\n\n\n<li><\/li>\n\n\n\n<li>20250916 Schottland-Trip: <a href=\"https:\/\/vanroadtrips.com\/en\/sco-05-st-conans-kirk\/\">Schottlands Verborgene Sch\u00e4tze: Von Ruinen am Loch Awe und der magischen St. Conan\u2019s Kirk<\/a><\/li>\n\n\n\n<li><\/li>\n\n\n\n<li>20250915 Schottland-Trip: <a href=\"https:\/\/vanroadtrips.com\/en\/cairndow-butter-bridge\/\">Cairndow &amp; Butter Bridge: Ein historischer Stellplatz im Herzen der Highlands<\/a><\/li>\n\n\n\n<li><\/li>\n\n\n\n<li>20250915 Schottland-Trip: <a href=\"https:\/\/vanroadtrips.com\/en\/sco-04-sweetheart-abbey-dumfries\/\">Von schreibfaulen Fl\u00fcssen und ewiger Liebe: Ein Tag zwischen dem Water of Ae und Sweetheart Abbey<\/a><\/li>\n\n\n\n<li><\/li>\n\n\n\n<li>20250914 Schottland-Trip: <a href=\"https:\/\/vanroadtrips.com\/en\/sco-03-dumfries\/\">Schottland-Roadtrip: Linksverkehr, Reetd\u00e4cher &amp; das \u201eunerreichbare\u201c Ziel<\/a><\/li>\n\n\n\n<li><\/li>\n\n\n\n<li>20250913 Schottland-Trip: <a href=\"https:\/\/vanroadtrips.com\/en\/sco-02-faehre\/\">Kurs Nord-West: Mit der F\u00e4hre stressfrei nach England (und WARUM HOLLAND Kreise dreht)<\/a><\/li>\n\n\n\n<li><\/li>\n\n\n\n<li>20250912 Schottland-Trip: <a href=\"https:\/\/vanroadtrips.com\/en\/sco-01-abfahrt\/\">Mission Highlands: Mit W\u00e4rmflasche, Waschwanne und 3,42 Tonnen Richtung Norden<\/a><\/li>\n\n\n\n<li><\/li>\n<\/ul>\n<\/li>\n\n\n\n<li>20250912 <strong>\u2191\u2191\u2191<\/strong> SCHOTTLAND-TRIP <strong>\u2191\u2191<strong>\u2191<\/strong><\/strong><\/li>\n<\/ul>\n\n\n\n<hr class=\"wp-block-separator has-alpha-channel-opacity\"\/>\n\n\n\n<ul class=\"wp-block-list\">\n<li>20250803 <strong>\u2193\u2193\u2193<\/strong> BERLIN-TRIP <strong><strong>\u2193<\/strong>\u2193\u2193<\/strong><\/li>\n\n\n\n<li>\n<ul class=\"wp-block-list\">\n<li>20250802 Berlin-Trip: <a href=\"https:\/\/vanroadtrips.com\/en\/miltenberg\/\">Fachwerk-Charme und Zauberh\u00e4uslein: Die zwei Gesichter von Miltenberg<\/a><\/li>\n\n\n\n<li><\/li>\n\n\n\n<li>20250801 Berlin-Trip: <a href=\"https:\/\/vanroadtrips.com\/en\/jena\/\">Jena: Wo das Trinkgeld tabu ist und die Wurst zur Mission wird<\/a><\/li>\n\n\n\n<li><\/li>\n\n\n\n<li>20250801 Berlin-Trip: <a href=\"https:\/\/vanroadtrips.com\/en\/naumburg\/\">Naumburg: Wo Bachs Orgel klingt und Nietzsche zu Hause ist<\/a><\/li>\n\n\n\n<li><\/li>\n\n\n\n<li>20250731 Berlin-Trip: <a href=\"https:\/\/vanroadtrips.com\/en\/burg-rabenstein\/\">Kurs S\u00fcdwest: Ritter, Kobolde und Burg-Idylle<\/a><\/li>\n\n\n\n<li><\/li>\n\n\n\n<li>20250731 Berlin-Trip: <a href=\"https:\/\/vanroadtrips.com\/en\/reichstag-berlin\/\">Reichstag im Visier: Zwischen Kuppelglanz und Currywurst<\/a><\/li>\n\n\n\n<li><\/li>\n\n\n\n<li>20250730 Berlin-Trip: <a href=\"https:\/\/vanroadtrips.com\/en\/berlin-city-und-iron-maiden\/\">Citylife Berlin, Kult-Metal und Fu\u00dfmarsch retour zu K\u00e4tter<\/a><\/li>\n\n\n\n<li><\/li>\n\n\n\n<li>20250730 Berlin-Trip: <a href=\"https:\/\/vanroadtrips.com\/en\/stasi-museum-berlin\/\">\u201eWir sind das Volk\u201c: Zwischen Stasi-Schatten und Eierbechern<\/a><\/li>\n\n\n\n<li><\/li>\n\n\n\n<li>20250729 Berlin-Trip: <a href=\"https:\/\/vanroadtrips.com\/en\/beelitz-heilstaetten\/\">Vom Spargelhof zum Grusel-Charme: Mit K\u00e4tter auf Zeitreise in Beelitz<\/a><\/li>\n\n\n\n<li><\/li>\n\n\n\n<li>20250728 Berlin-Trip: <a href=\"https:\/\/vanroadtrips.com\/en\/banksy-leipzig\/\">Wenn das Lachen im Halse stecken bleibt \u2013 Unser Nachmittag bei Banksy in Leipzig<\/a><\/li>\n\n\n\n<li><\/li>\n\n\n\n<li>20250728 Berlin-Trip: <a href=\"https:\/\/vanroadtrips.com\/en\/leipzig-bach\/\">Leipzig: Von \u201egeheimen\u201c Parkpl\u00e4tzen, Bachs Grab und Ingos gr\u00fcner Oase<\/a><\/li>\n\n\n\n<li><\/li>\n\n\n\n<li>20250727 Berlin-Trip:  <a href=\"https:\/\/vanroadtrips.com\/en\/ostmole-schwenkau-neuseenland\/\">Vom Tagebau zum Traumhafen: Kunstautomaten und Seen-Hopping im Neuseenland<\/a><\/li>\n\n\n\n<li><\/li>\n\n\n\n<li>20250726 Berlin-Trip: <a href=\"https:\/\/vanroadtrips.com\/en\/pegau-klostergeschichte\/\">Pegau-Pause: Zwischen Klostergeschichte und griechischer Gastfreundschaft<\/a><\/li>\n\n\n\n<li><\/li>\n\n\n\n<li>20250725 Berlin-Trip: <a href=\"https:\/\/vanroadtrips.com\/en\/berlin-trip-beginnt\/\">Zwischen Stra\u00dfen-Romantik und Currywurst-Tr\u00e4umen: Der gro\u00dfe Berlin-Trip beginnt<\/a><\/li>\n\n\n\n<li><\/li>\n<\/ul>\n<\/li>\n\n\n\n<li>20250725 <strong>\u2191\u2191\u2191<\/strong> BERLIN-TRIP <strong>\u2191\u2191<strong>\u2191<\/strong><\/strong><\/li>\n<\/ul>\n\n\n\n<hr class=\"wp-block-separator has-alpha-channel-opacity\"\/>\n\n\n\n<ul class=\"wp-block-list\">\n<li>20250720 <a href=\"https:\/\/vanroadtrips.com\/en\/kaiserstuhl-baggersee\/\">Sommerwochenende zwischen Kaiserstuhl und Baggersee<\/a><\/li>\n\n\n\n<li><\/li>\n\n\n\n<li>20250713 <a href=\"https:\/\/vanroadtrips.com\/en\/heidelbeer-baiersbronn\/\">Heidelbeer-Hotspot Baiersbronn: Von wegen Ruhe im Wald!<\/a><\/li>\n\n\n\n<li><\/li>\n\n\n\n<li>20250629 <a href=\"https:\/\/vanroadtrips.com\/en\/neckartrip-vanlife\/\">Vanlife am Neckar: Von stolzen Burgen und fliegenden Filtern<\/a><\/li>\n\n\n\n<li><\/li>\n\n\n\n<li>20250608 <a href=\"https:\/\/vanroadtrips.com\/en\/roadtrip-markgraeflerland\/\">Auf ein Glas mit \u201eK\u00e4tter\u201c: Unser Roadtrip durch das Markgr\u00e4flerland<\/a><\/li>\n\n\n\n<li><\/li>\n\n\n\n<li>20250531 <a href=\"https:\/\/vanroadtrips.com\/en\/jungfernfahrt-im-badischen\/\">Jungfernfahrt im Badischen<\/a> <\/li>\n\n\n\n<li><\/li>\n\n\n\n<li>20250528 <a href=\"https:\/\/vanroadtrips.com\/en\/neues-leben-starten\/\">2025 \u2013 Mit Vollgas in ein neues Leben starten<\/a><\/li>\n<\/ul>\n\n\n\n<div class=\"wp-block-buttons is-content-justification-left is-layout-flex wp-container-core-buttons-is-layout-fc4fd283 wp-block-buttons-is-layout-flex\">\n<div class=\"wp-block-button\"><a class=\"wp-block-button__link wp-element-button\" href=\"https:\/\/vanroadtrips.com\/en\/blog\/\">jetzt Blog-Beitr\u00e4ge lesen<\/a><\/div>\n<\/div>\n\n\n\n<figure class=\"wp-block-image aligncenter size-medium\"><img loading=\"lazy\" decoding=\"async\" width=\"249\" height=\"300\" src=\"https:\/\/vanroadtrips.com\/wp-content\/uploads\/2026\/01\/Fiona-schlaeft-249x300.png\" alt=\"\" class=\"wp-image-5800\" srcset=\"https:\/\/vanroadtrips.com\/wp-content\/uploads\/2026\/01\/Fiona-schlaeft-249x300.png 249w, https:\/\/vanroadtrips.com\/wp-content\/uploads\/2026\/01\/Fiona-schlaeft-848x1024.png 848w, https:\/\/vanroadtrips.com\/wp-content\/uploads\/2026\/01\/Fiona-schlaeft-768x927.png 768w, https:\/\/vanroadtrips.com\/wp-content\/uploads\/2026\/01\/Fiona-schlaeft-10x12.png 10w, https:\/\/vanroadtrips.com\/wp-content\/uploads\/2026\/01\/Fiona-schlaeft.png 928w\" sizes=\"auto, (max-width: 249px) 100vw, 249px\" \/><\/figure>\n<\/div>","protected":false},"excerpt":{"rendered":"<p>Vom ersten Kilometer an: Alle Abenteuer in der \u00dcbersicht Inspirierende Roadtrips-Geschichten entdecken \u2193\u2193\u2193\u2193\u2193\u2193\u2193\u2193\u2193 \u2191\u2191\u2191 Aktuelle Beitr\u00e4ge \u2191\u2191\u2191<\/p>","protected":false},"author":1,"featured_media":0,"parent":0,"menu_order":0,"comment_status":"closed","ping_status":"closed","template":"page-with-title","meta":{"footnotes":""},"class_list":["post-5509","page","type-page","status-publish","hentry"],"_links":{"self":[{"href":"https:\/\/vanroadtrips.com\/en\/wp-json\/wp\/v2\/pages\/5509","targetHints":{"allow":["GET"]}}],"collection":[{"href":"https:\/\/vanroadtrips.com\/en\/wp-json\/wp\/v2\/pages"}],"about":[{"href":"https:\/\/vanroadtrips.com\/en\/wp-json\/wp\/v2\/types\/page"}],"author":[{"embeddable":true,"href":"https:\/\/vanroadtrips.com\/en\/wp-json\/wp\/v2\/users\/1"}],"replies":[{"embeddable":true,"href":"https:\/\/vanroadtrips.com\/en\/wp-json\/wp\/v2\/comments?post=5509"}],"version-history":[{"count":383,"href":"https:\/\/vanroadtrips.com\/en\/wp-json\/wp\/v2\/pages\/5509\/revisions"}],"predecessor-version":[{"id":13104,"href":"https:\/\/vanroadtrips.com\/en\/wp-json\/wp\/v2\/pages\/5509\/revisions\/13104"}],"wp:attachment":[{"href":"https:\/\/vanroadtrips.com\/en\/wp-json\/wp\/v2\/media?parent=5509"}],"curies":[{"name":"wp","href":"https:\/\/api.w.org\/{rel}","templated":true}]}}